{"id":244120,"date":"2022-11-15T20:41:55","date_gmt":"2022-11-15T19:41:55","guid":{"rendered":"https:\/\/app.slowfoodwaldviertel.at\/?page_id=244120"},"modified":"2025-01-02T19:02:41","modified_gmt":"2025-01-02T18:02:41","slug":"markt","status":"publish","type":"page","link":"https:\/\/app.slowfoodwaldviertel.at\/cs\/hra\/","title":{"rendered":"Trh zem\u011b"},"content":{"rendered":"[et_pb_section fb_built=&#8220;1&#8243; _builder_version=&#8220;4.27.2&#8243; background_image=&#8220;https:\/\/app.slowfoodwaldviertel.at\/wp-content\/uploads\/2025\/01\/csm_SFW4_header_Biosain_02_c_mara_hohla_high_21_c30b2f99cb.png&#8220; vertical_offset_tablet=&#8220;0&#8243; horizontal_offset_tablet=&#8220;0&#8243; custom_padding=&#8220;0px||0px|&#8220; box_shadow_horizontal_tablet=&#8220;0px&#8220; box_shadow_vertical_tablet=&#8220;0px&#8220; box_shadow_blur_tablet=&#8220;40px&#8220; box_shadow_spread_tablet=&#8220;0px&#8220; locked=&#8220;off&#8220; global_colors_info=&#8220;{}&#8220;][et_pb_row _builder_version=&#8220;4.19.0&#8243; vertical_offset_tablet=&#8220;0&#8243; horizontal_offset_tablet=&#8220;0&#8243; custom_margin=&#8220;0px||0px|&#8220; custom_padding=&#8220;10px||10px|&#8220; z_index_tablet=&#8220;0&#8243; box_shadow_horizontal_tablet=&#8220;0px&#8220; box_shadow_vertical_tablet=&#8220;0px&#8220; box_shadow_blur_tablet=&#8220;40px&#8220; box_shadow_spread_tablet=&#8220;0px&#8220; global_colors_info=&#8220;{}&#8220;][et_pb_column type=&#8220;4_4&#8243; _builder_version=&#8220;4.16&#8243; custom_padding=&#8220;|||&#8220; global_colors_info=&#8220;{}&#8220; custom_padding__hover=&#8220;|||&#8220;][et_pb_divider show_divider=&#8220;off&#8220; _builder_version=&#8220;4.27.2&#8243; vertical_offset_tablet=&#8220;0&#8243; horizontal_offset_tablet=&#8220;0&#8243; height=&#8220;253px&#8220; z_index_tablet=&#8220;0&#8243; box_shadow_horizontal_tablet=&#8220;0px&#8220; box_shadow_vertical_tablet=&#8220;0px&#8220; box_shadow_blur_tablet=&#8220;40px&#8220; box_shadow_spread_tablet=&#8220;0px&#8220; global_colors_info=&#8220;{}&#8220;][\/et_pb_divider][\/et_pb_column][\/et_pb_row][\/et_pb_section][et_pb_section fb_built=&#8220;1&#8243; _builder_version=&#8220;4.16&#8243; locked=&#8220;off&#8220; global_colors_info=&#8220;{}&#8220;][et_pb_row _builder_version=&#8220;4.19.0&#8243; _module_preset=&#8220;default&#8220; custom_margin=&#8220;0px||0px||false|false&#8220; custom_padding=&#8220;0px||0px||false|false&#8220; global_colors_info=&#8220;{}&#8220;][et_pb_column type=&#8220;4_4&#8243; _builder_version=&#8220;4.19.0&#8243; _module_preset=&#8220;default&#8220; global_colors_info=&#8220;{}&#8220;][et_pb_text admin_label=&#8220;titel&#8220; _builder_version=&#8220;4.27.2&#8243; _module_preset=&#8220;default&#8220; global_colors_info=&#8220;{}&#8220;]<h4 class=\"text-center\" style=\"text-align: center;\">Slow Food Waldviertel<\/h4>\n<h1 style=\"text-align: center;\">Trh zem\u011b<\/h1>[\/et_pb_text][et_pb_text module_class=&#8220;big-copy&#8220; _builder_version=&#8220;4.27.2&#8243; vertical_offset_tablet=&#8220;0&#8243; horizontal_offset_tablet=&#8220;0&#8243; z_index_tablet=&#8220;0&#8243; text_text_shadow_horizontal_length_tablet=&#8220;0px&#8220; text_text_shadow_vertical_length_tablet=&#8220;0px&#8220; text_text_shadow_blur_strength_tablet=&#8220;1px&#8220; link_text_shadow_horizontal_length_tablet=&#8220;0px&#8220; link_text_shadow_vertical_length_tablet=&#8220;0px&#8220; link_text_shadow_blur_strength_tablet=&#8220;1px&#8220; ul_text_shadow_horizontal_length_tablet=&#8220;0px&#8220; ul_text_shadow_vertical_length_tablet=&#8220;0px&#8220; ul_text_shadow_blur_strength_tablet=&#8220;1px&#8220; ol_text_shadow_horizontal_length_tablet=&#8220;0px&#8220; ol_text_shadow_vertical_length_tablet=&#8220;0px&#8220; ol_text_shadow_blur_strength_tablet=&#8220;1px&#8220; quote_text_shadow_horizontal_length_tablet=&#8220;0px&#8220; quote_text_shadow_vertical_length_tablet=&#8220;0px&#8220; quote_text_shadow_blur_strength_tablet=&#8220;1px&#8220; header_text_shadow_horizontal_length_tablet=&#8220;0px&#8220; header_text_shadow_vertical_length_tablet=&#8220;0px&#8220; header_text_shadow_blur_strength_tablet=&#8220;1px&#8220; header_2_text_shadow_horizontal_length_tablet=&#8220;0px&#8220; header_2_text_shadow_vertical_length_tablet=&#8220;0px&#8220; header_2_text_shadow_blur_strength_tablet=&#8220;1px&#8220; header_3_text_shadow_horizontal_length_tablet=&#8220;0px&#8220; header_3_text_shadow_vertical_length_tablet=&#8220;0px&#8220; header_3_text_shadow_blur_strength_tablet=&#8220;1px&#8220; header_4_text_shadow_horizontal_length_tablet=&#8220;0px&#8220; header_4_text_shadow_vertical_length_tablet=&#8220;0px&#8220; header_4_text_shadow_blur_strength_tablet=&#8220;1px&#8220; header_5_text_shadow_horizontal_length_tablet=&#8220;0px&#8220; header_5_text_shadow_vertical_length_tablet=&#8220;0px&#8220; header_5_text_shadow_blur_strength_tablet=&#8220;1px&#8220; header_6_text_shadow_horizontal_length_tablet=&#8220;0px&#8220; header_6_text_shadow_vertical_length_tablet=&#8220;0px&#8220; header_6_text_shadow_blur_strength_tablet=&#8220;1px&#8220; box_shadow_horizontal_tablet=&#8220;0px&#8220; box_shadow_vertical_tablet=&#8220;0px&#8220; box_shadow_blur_tablet=&#8220;40px&#8220; box_shadow_spread_tablet=&#8220;0px&#8220; global_colors_info=&#8220;{}&#8220;]<p>Dv\u011b soboty v m\u011bs\u00edci se hlavn\u00ed n\u00e1m\u011bst\u00ed na\u0161eho okresn\u00edho m\u011bsta st\u00e1v\u00e1 \u017eiv\u00fdm m\u00edstem setk\u00e1v\u00e1n\u00ed pro udr\u017eitelnou produkci potravin. Prob\u011bhlo ji\u017e v\u00edce ne\u017e 200 tr\u017en\u00edch dn\u016f a st\u00e1l\u00ed st\u00e1nka\u0159i nab\u00edzej\u00ed nejr\u016fzn\u011bj\u0161\u00ed produkty, v\u010detn\u011b bio ryb, \u0159emesln\u00e9ho chleba, vajec z voln\u00e9ho chovu, \u010derstv\u00e9 a u\u0161lechtil\u00e9 zv\u011b\u0159iny, piva, jehn\u011b\u010d\u00edch specialit, star\u00e9 zeleniny, v\u011bt\u0161inou bio. V\u017edy je k dispozici st\u00e1nek s v\u00ednem, n\u011bco na zub, nap\u0159\u00edklad dom\u00e1c\u00ed empanady, s\u00fdrov\u00e9 z\u00e1vitky s jehn\u011b\u010d\u00edmi j\u00e1try atd.  V\u017edy jsou p\u0159\u00edtomni host\u00e9 z velk\u00e9 rodiny Slow Food, kte\u0159\u00ed obohacuj\u00ed rozmanitost na\u0161eho trhu.<\/p>[\/et_pb_text][\/et_pb_column][\/et_pb_row][\/et_pb_section][et_pb_section fb_built=&#8220;1&#8243; _builder_version=&#8220;4.19.0&#8243; custom_margin=&#8220;0px||||false|false&#8220; custom_padding=&#8220;0px||||false|false&#8220; collapsed=&#8220;off&#8220; global_colors_info=&#8220;{}&#8220;][et_pb_row _builder_version=&#8220;4.16&#8243; background_size=&#8220;initial&#8220; background_position=&#8220;top_left&#8220; background_repeat=&#8220;repeat&#8220; global_colors_info=&#8220;{}&#8220;][et_pb_column type=&#8220;4_4&#8243; _builder_version=&#8220;4.16&#8243; custom_padding=&#8220;|||&#8220; global_colors_info=&#8220;{}&#8220; custom_padding__hover=&#8220;|||&#8220;][et_pb_text _builder_version=&#8220;4.27.2&#8243; vertical_offset_tablet=&#8220;0&#8243; horizontal_offset_tablet=&#8220;0&#8243; z_index_tablet=&#8220;0&#8243; text_text_shadow_horizontal_length_tablet=&#8220;0px&#8220; text_text_shadow_vertical_length_tablet=&#8220;0px&#8220; text_text_shadow_blur_strength_tablet=&#8220;1px&#8220; link_text_shadow_horizontal_length_tablet=&#8220;0px&#8220; link_text_shadow_vertical_length_tablet=&#8220;0px&#8220; link_text_shadow_blur_strength_tablet=&#8220;1px&#8220; ul_text_shadow_horizontal_length_tablet=&#8220;0px&#8220; ul_text_shadow_vertical_length_tablet=&#8220;0px&#8220; ul_text_shadow_blur_strength_tablet=&#8220;1px&#8220; ol_text_shadow_horizontal_length_tablet=&#8220;0px&#8220; ol_text_shadow_vertical_length_tablet=&#8220;0px&#8220; ol_text_shadow_blur_strength_tablet=&#8220;1px&#8220; quote_text_shadow_horizontal_length_tablet=&#8220;0px&#8220; quote_text_shadow_vertical_length_tablet=&#8220;0px&#8220; quote_text_shadow_blur_strength_tablet=&#8220;1px&#8220; header_text_shadow_horizontal_length_tablet=&#8220;0px&#8220; header_text_shadow_vertical_length_tablet=&#8220;0px&#8220; header_text_shadow_blur_strength_tablet=&#8220;1px&#8220; header_2_text_shadow_horizontal_length_tablet=&#8220;0px&#8220; header_2_text_shadow_vertical_length_tablet=&#8220;0px&#8220; header_2_text_shadow_blur_strength_tablet=&#8220;1px&#8220; header_3_text_shadow_horizontal_length_tablet=&#8220;0px&#8220; header_3_text_shadow_vertical_length_tablet=&#8220;0px&#8220; header_3_text_shadow_blur_strength_tablet=&#8220;1px&#8220; header_4_text_shadow_horizontal_length_tablet=&#8220;0px&#8220; header_4_text_shadow_vertical_length_tablet=&#8220;0px&#8220; header_4_text_shadow_blur_strength_tablet=&#8220;1px&#8220; header_5_text_shadow_horizontal_length_tablet=&#8220;0px&#8220; header_5_text_shadow_vertical_length_tablet=&#8220;0px&#8220; header_5_text_shadow_blur_strength_tablet=&#8220;1px&#8220; header_6_text_shadow_horizontal_length_tablet=&#8220;0px&#8220; header_6_text_shadow_vertical_length_tablet=&#8220;0px&#8220; header_6_text_shadow_blur_strength_tablet=&#8220;1px&#8220; box_shadow_horizontal_tablet=&#8220;0px&#8220; box_shadow_vertical_tablet=&#8220;0px&#8220; box_shadow_blur_tablet=&#8220;40px&#8220; box_shadow_spread_tablet=&#8220;0px&#8220; global_colors_info=&#8220;{}&#8220;]<p>V roce 2012 jsme zah\u00e1jili provoz druh\u00e9ho rakousk\u00e9ho trhu na Zemi \"Regionalmarkt - Markt der Erde Horn\", kter\u00fd pomohl prom\u011bnit t\u00e9m\u011b\u0159 zanikl\u00e9 centrum star\u00e9ho m\u011bsta v m\u00edsto setk\u00e1v\u00e1n\u00ed a hodnotn\u00e9 v\u00fdm\u011bny. N\u00e1\u0161 trh je nejen m\u00edstem prodeje a n\u00e1kupu, ale tak\u00e9 m\u00edstem u\u010den\u00ed a inspirace. P\u0159i nakupov\u00e1n\u00ed se m\u016f\u017eete setkat s m\u00edstn\u00edmi v\u00fdrobci, dozv\u011bd\u011bt se v\u00edce o jejich pr\u00e1ci a vyu\u017e\u00edt jejich znalost\u00ed a zku\u0161enost\u00ed:<\/p>[\/et_pb_text][et_pb_text admin_label=&#8220;Liste&#8220; _builder_version=&#8220;4.27.2&#8243; _module_preset=&#8220;default&#8220; global_colors_info=&#8220;{}&#8220;]<ul>\n<li>Bio chl\u00e9b a pe\u010divo z\u00a0<a href=\"https:\/\/brotocnik.at\/\" target=\"_blank\" rel=\"noopener noreferrer\">BROTocnik<\/a>\u00a0od Burgerwiesen<\/li>\n<li>\u010cerstv\u00e9 m\u00edstn\u00ed bio ryby z\u00a0<a href=\"http:\/\/www.ottenstein.at\/\" target=\"_blank\" rel=\"noopener noreferrer\">Ottenstein Estate\u00a0<\/a>od spole\u010dnosti Zierings\u00a0<\/li>\n<li>Bio zelenina od spole\u010dnosti Biosain\u00a0<a href=\"http:\/\/www.biosain.at\/\" target=\"_blank\" rel=\"noopener noreferrer\">Tristan To\u00e9<\/a>\u00a0od Wachtberg\u00a0<\/li>\n<li>\u010cerstv\u00e9, zu\u0161lecht\u011bn\u00e9 bio jehn\u011b\u010d\u00ed a bio konop\u00ed z ekologick\u00e9 farmy Nendwich v Pernegg.<\/li>\n<li>Med, sv\u00ed\u010dky ze v\u010del\u00edho vosku, p\u011bnov\u00e9 rohl\u00edky, raj\u010datov\u00e9 om\u00e1\u010dky, Christian a Birgit Hundlingerovi z M\u00fchlfeldu.<\/li>\n<li>Uzen\u00e9 ryb\u00ed speciality od Veroniky Hundlingerov\u00e9<\/li>\n<li>Bio raj\u010datov\u00e9 om\u00e1\u010dky a bio nakl\u00e1dan\u00e9 okurky z\u00a0<a href=\"https:\/\/www.reinsaat.at\/\" target=\"_blank\" rel=\"noopener noreferrer\">\u010cist\u00e9 osivo<\/a>\u00a0od svat\u00e9ho Leonharda\u00a0<\/li>\n<li>Dom\u00e1c\u00ed argentinsk\u00e9 speciality od Algo Rico &amp; Sandra Federigi\u00a0<\/li>\n<li>Bio pivo otev\u0159en\u00e9 a v lahvi z\u00a0<a href=\"http:\/\/www.hopfenspinnerei.at\/\" target=\"_blank\" rel=\"noopener noreferrer\">P\u0159\u00e1delna chmele<\/a>\u00a0od Waidhofen\/Thaya\u00a0 \u00a0 \u00a0 \u00a0\u00a0\u00a0 \u00a0<\/li>\n<li>Zv\u011b\u0159ina a zv\u011b\u0159inov\u00e9 speciality od Andrease Winkelhofera z Breiteneichu (p\u0159est\u00e1vka od dubna do z\u00e1\u0159\u00ed)\u00a0\u00a0<\/li>\n<li>\n<p>Dr\u016fbe\u017e z voln\u00e9ho chovu (ku\u0159ata, kachny, kr\u016fty a husy) z ekologick\u00e9ho chovu Wald Gut v Mahrersdorfu.<\/p>\n<\/li>\n<li>\n<p>Bio vejce od ku\u0159at z voln\u00fdch chov\u016f, bio p\u0161enice, bio \u0161palda, bio t\u011bstoviny z\u00a0<a href=\"https:\/\/www.biohof-mang.at\/\" target=\"_blank\" rel=\"noopener noreferrer\">Ekologick\u00e1 farma Mang<\/a>\u00a0od spole\u010dnosti Horn<\/p>\n<\/li>\n<li>\n<p>Bio houby, jako je citronov\u00e1 mo\u0159sk\u00e1 houba, shitake a koz\u00ed brada od rodiny Sch\u00f6lsov\u00fdch z Hollenburgu.<\/p>\n<\/li>\n<li>\n<p>Espresso, cappuccino atd. z FAIRTRADE u st\u00e1nku Birgit Hundlingerov\u00e9<\/p>\n<\/li>\n<\/ul>[\/et_pb_text][et_pb_text _builder_version=&#8220;4.27.2&#8243; _module_preset=&#8220;default&#8220; global_colors_info=&#8220;{}&#8220;]<p>Zde najdete aktu\u00e1ln\u00ed term\u00edny trh\u016f a t\u011b\u0161\u00edme se na v\u00e1s na trhu Zem\u011b v Hornu,\u00a0<strong>ka\u017edou 2. a 4. sobotu v m\u011bs\u00edci od 9:00 do 13:00 hodin.<\/strong>:<\/p>[\/et_pb_text][et_pb_divider show_divider=&#8220;off&#8220; disabled_on=&#8220;on|off|off&#8220; _builder_version=&#8220;4.27.2&#8243; vertical_offset_tablet=&#8220;0&#8243; horizontal_offset_tablet=&#8220;0&#8243; min_height=&#8220;100px&#8220; hover_enabled=&#8220;0&#8243; z_index_tablet=&#8220;0&#8243; box_shadow_horizontal_tablet=&#8220;0px&#8220; box_shadow_vertical_tablet=&#8220;0px&#8220; box_shadow_blur_tablet=&#8220;40px&#8220; box_shadow_spread_tablet=&#8220;0px&#8220; global_colors_info=&#8220;{}&#8220; locked=&#8220;off&#8220; sticky_enabled=&#8220;0&#8243;][\/et_pb_divider][\/et_pb_column][\/et_pb_row][\/et_pb_section][et_pb_section fb_built=&#8220;1&#8243; disabled_on=&#8220;on|on|on&#8220; admin_label=&#8220;Karte&#8220; _builder_version=&#8220;4.19.0&#8243; background_color=&#8220;#f4f4f4&#8243; vertical_offset_tablet=&#8220;0&#8243; horizontal_offset_tablet=&#8220;0&#8243; box_shadow_horizontal_tablet=&#8220;0px&#8220; box_shadow_vertical_tablet=&#8220;0px&#8220; box_shadow_blur_tablet=&#8220;40px&#8220; box_shadow_spread_tablet=&#8220;0px&#8220; disabled=&#8220;on&#8220; collapsed=&#8220;on&#8220; global_colors_info=&#8220;{}&#8220;][et_pb_row _builder_version=&#8220;4.16&#8243; background_size=&#8220;initial&#8220; background_position=&#8220;top_left&#8220; background_repeat=&#8220;repeat&#8220; global_colors_info=&#8220;{}&#8220;][et_pb_column type=&#8220;4_4&#8243; _builder_version=&#8220;4.16&#8243; custom_padding=&#8220;|||&#8220; global_colors_info=&#8220;{}&#8220; custom_padding__hover=&#8220;|||&#8220;][et_pb_text _builder_version=&#8220;4.19.3&#8243; _module_preset=&#8220;default&#8220; global_colors_info=&#8220;{}&#8220;]<h2><strong>P\u0159ehled v\u0161ech<br \/>Zku\u0161enostn\u00ed body<\/strong><\/h2>[\/et_pb_text][et_pb_code disabled_on=&#8220;off|off|off&#8220; module_class=&#8220;spielmap&#8220; _builder_version=&#8220;4.19.0&#8243; vertical_offset_tablet=&#8220;0&#8243; horizontal_offset_tablet=&#8220;0&#8243; custom_margin=&#8220;0px|||&#8220; custom_padding=&#8220;0px|||&#8220; z_index_tablet=&#8220;0&#8243; box_shadow_horizontal_tablet=&#8220;0px&#8220; box_shadow_vertical_tablet=&#8220;0px&#8220; box_shadow_blur_tablet=&#8220;40px&#8220; box_shadow_spread_tablet=&#8220;0px&#8220; global_colors_info=&#8220;{}&#8220;][\/et_pb_code][et_pb_code _builder_version=&#8220;4.19.0&#8243; vertical_offset_tablet=&#8220;0&#8243; horizontal_offset_tablet=&#8220;0&#8243; z_index_tablet=&#8220;0&#8243; box_shadow_horizontal_tablet=&#8220;0px&#8220; box_shadow_vertical_tablet=&#8220;0px&#8220; box_shadow_blur_tablet=&#8220;40px&#8220; box_shadow_spread_tablet=&#8220;0px&#8220; global_colors_info=&#8220;{}&#8220;]<style><!-- [et_pb_line_break_holder] -->.mapp-header {<!-- [et_pb_line_break_holder] -->    display: none;<!-- [et_pb_line_break_holder] -->}<!-- [et_pb_line_break_holder] --><\/style>[\/et_pb_code][\/et_pb_column][\/et_pb_row][et_pb_row _builder_version=&#8220;4.19.0&#8243; background_color=&#8220;#e02b20&#8243; vertical_offset_tablet=&#8220;0&#8243; horizontal_offset_tablet=&#8220;0&#8243; z_index_tablet=&#8220;0&#8243; border_radii=&#8220;on|30px|30px|30px|30px&#8220; box_shadow_horizontal_tablet=&#8220;0px&#8220; box_shadow_vertical_tablet=&#8220;0px&#8220; box_shadow_blur_tablet=&#8220;40px&#8220; box_shadow_spread_tablet=&#8220;0px&#8220; global_colors_info=&#8220;{}&#8220;][et_pb_column type=&#8220;4_4&#8243; _builder_version=&#8220;4.16&#8243; custom_padding=&#8220;|||&#8220; global_colors_info=&#8220;{}&#8220; custom_padding__hover=&#8220;|||&#8220;][et_pb_text _builder_version=&#8220;4.19.0&#8243; vertical_offset_tablet=&#8220;0&#8243; horizontal_offset_tablet=&#8220;0&#8243; text_orientation=&#8220;center&#8220; background_layout=&#8220;dark&#8220; z_index_tablet=&#8220;0&#8243; custom_css_main_element=&#8220;padding-left: 25px;||padding-right: 25px;&#8220; text_text_shadow_horizontal_length_tablet=&#8220;0px&#8220; text_text_shadow_vertical_length_tablet=&#8220;0px&#8220; text_text_shadow_blur_strength_tablet=&#8220;1px&#8220; link_text_shadow_horizontal_length_tablet=&#8220;0px&#8220; link_text_shadow_vertical_length_tablet=&#8220;0px&#8220; link_text_shadow_blur_strength_tablet=&#8220;1px&#8220; ul_text_shadow_horizontal_length_tablet=&#8220;0px&#8220; ul_text_shadow_vertical_length_tablet=&#8220;0px&#8220; ul_text_shadow_blur_strength_tablet=&#8220;1px&#8220; ol_text_shadow_horizontal_length_tablet=&#8220;0px&#8220; ol_text_shadow_vertical_length_tablet=&#8220;0px&#8220; ol_text_shadow_blur_strength_tablet=&#8220;1px&#8220; quote_text_shadow_horizontal_length_tablet=&#8220;0px&#8220; quote_text_shadow_vertical_length_tablet=&#8220;0px&#8220; quote_text_shadow_blur_strength_tablet=&#8220;1px&#8220; header_text_shadow_horizontal_length_tablet=&#8220;0px&#8220; header_text_shadow_vertical_length_tablet=&#8220;0px&#8220; header_text_shadow_blur_strength_tablet=&#8220;1px&#8220; header_2_text_shadow_horizontal_length_tablet=&#8220;0px&#8220; header_2_text_shadow_vertical_length_tablet=&#8220;0px&#8220; header_2_text_shadow_blur_strength_tablet=&#8220;1px&#8220; header_3_text_shadow_horizontal_length_tablet=&#8220;0px&#8220; header_3_text_shadow_vertical_length_tablet=&#8220;0px&#8220; header_3_text_shadow_blur_strength_tablet=&#8220;1px&#8220; header_4_text_shadow_horizontal_length_tablet=&#8220;0px&#8220; header_4_text_shadow_vertical_length_tablet=&#8220;0px&#8220; header_4_text_shadow_blur_strength_tablet=&#8220;1px&#8220; header_5_text_shadow_horizontal_length_tablet=&#8220;0px&#8220; header_5_text_shadow_vertical_length_tablet=&#8220;0px&#8220; header_5_text_shadow_blur_strength_tablet=&#8220;1px&#8220; header_6_text_shadow_horizontal_length_tablet=&#8220;0px&#8220; header_6_text_shadow_vertical_length_tablet=&#8220;0px&#8220; header_6_text_shadow_blur_strength_tablet=&#8220;1px&#8220; box_shadow_horizontal_tablet=&#8220;0px&#8220; box_shadow_vertical_tablet=&#8220;0px&#8220; box_shadow_blur_tablet=&#8220;40px&#8220; box_shadow_spread_tablet=&#8220;0px&#8220; global_colors_info=&#8220;{}&#8220;]<p>Zde zadejte nasb\u00edran\u00e9 sou\u0159adnice.<\/p>\r[\/et_pb_text][et_pb_code _builder_version=&#8220;4.19.0&#8243; background_color=&#8220;#e02b20&#8243; vertical_offset_tablet=&#8220;0&#8243; horizontal_offset_tablet=&#8220;0&#8243; z_index_tablet=&#8220;0&#8243; box_shadow_horizontal_tablet=&#8220;0px&#8220; box_shadow_vertical_tablet=&#8220;0px&#8220; box_shadow_blur_tablet=&#8220;40px&#8220; box_shadow_spread_tablet=&#8220;0px&#8220; global_colors_info=&#8220;{}&#8220;]<style><!-- [et_pb_line_break_holder] -->.et_pb_newsletter {<!-- [et_pb_line_break_holder] -->    padding: 0 25px 0 25px;<!-- [et_pb_line_break_holder] -->}<!-- [et_pb_line_break_holder] -->.et_bp_light, .et_bp_light::after {<!-- [et_pb_line_break_holder] -->    color: #ffffff !important;<!-- [et_pb_line_break_holder] -->    border-color: #ffffff !important;<!-- [et_pb_line_break_holder] -->}<!-- [et_pb_line_break_holder] -->  <!-- [et_pb_line_break_holder] -->.et_pb_button_wrap {<!-- [et_pb_line_break_holder] -->    text-align: center;<!-- [et_pb_line_break_holder] -->}<!-- [et_pb_line_break_holder] --><!-- [et_pb_line_break_holder] -->body #page-container .et_pb_section .et_bp_light:hover {<!-- [et_pb_line_break_holder] -->    color: #FFFFFF!important;<!-- [et_pb_line_break_holder] -->    border-color: #FFFFFF!important;<!-- [et_pb_line_break_holder] -->}<!-- [et_pb_line_break_holder] -->  <!-- [et_pb_line_break_holder] -->  <!-- [et_pb_line_break_holder] --><\/style><!-- [et_pb_line_break_holder] --><!-- [et_pb_line_break_holder] --><div class=\"et_pb_column et_pb_column_4_4 et_pb_column_2  et_pb_css_mix_blend_mode_passthrough et-last-child\"><!-- [et_pb_line_break_holder] -->\t\t\t\t<!-- [et_pb_line_break_holder] -->\t\t\t\t<!-- [et_pb_line_break_holder] -->\t\t\t\t<!-- [et_pb_line_break_holder] -->\t\t\t\t<!-- [et_pb_line_break_holder] -->\t\t\t\t<div class=\"et_pb_module et_pb_signup_0 et_pb_newsletter_layout_left_right et_pb_newsletter et_pb_subscribe clearfix  et_pb_text_align_left et_pb_bg_layout_dark et_pb_newsletter_description_no_title et_pb_newsletter_description_no_content\"><!-- [et_pb_line_break_holder] -->\t\t\t\t<!-- [et_pb_line_break_holder] -->\t\t\t\t<!-- [et_pb_line_break_holder] -->\t\t\t\t<!-- [et_pb_line_break_holder] -->\t\t\t\t<!-- [et_pb_line_break_holder] -->\t\t\t\t<div class=\"et_pb_newsletter_description et_multi_view_hidden\"><\/div><!-- [et_pb_line_break_holder] -->\t\t\t\t<!-- [et_pb_line_break_holder] -->\t\t\t\t<div class=\"et_pb_newsletter_form\"><!-- [et_pb_line_break_holder] -->\t\t\t\t\t<form action=\"http:\/\/spiel2\" method=\"get\" data-trp-original-action=\"spiel2\"><!-- [et_pb_line_break_holder] -->\t\t\t\t\t\t<div class=\"et_pb_newsletter_result et_pb_newsletter_error\"><\/div><!-- [et_pb_line_break_holder] -->\t\t\t\t\t\t<div class=\"et_pb_newsletter_result et_pb_newsletter_success\"><!-- [et_pb_line_break_holder] -->\t\t\t\t\t\t\t<h2>zpr\u00e1va o \u00fasp\u011bchu<\/h2><!-- [et_pb_line_break_holder] -->\t\t\t\t\t\t<\/div><!-- [et_pb_line_break_holder] -->\t\t\t\t\t\t<div class=\"et_pb_newsletter_fields\"><!-- [et_pb_line_break_holder] -->\t\t\t\t\t\t\t<!-- [et_pb_line_break_holder] -->          <pee class=\"et_pb_newsletter_field et_pb_contact_field_last et_pb_contact_field_last_tablet et_pb_contact_field_last_phone\"><!-- [et_pb_line_break_holder] -->\t\t\t\t\t\t<label class=\"et_pb_contact_form_label\" for=\"et_pb_signup_lastname\" style=\"display: none;\">zem\u011bpisn\u00e1 \u0161\u00ed\u0159ka<\/label><!-- [et_pb_line_break_holder] -->\t\t\t\t\t\t<input id=\"et_pb_signup_lastname\" class=\"input\" type=\"text\" placeholder=\"zem\u011bpisn\u00e1 \u0161\u00ed\u0159ka\" name=\"lat\"><!-- [et_pb_line_break_holder] -->\t\t\t\t\t<\/pee>  <!-- [et_pb_line_break_holder] -->              <!-- [et_pb_line_break_holder] -->              <!-- [et_pb_line_break_holder] -->\t\t\t\t\t<pee class=\"et_pb_newsletter_field et_pb_contact_field_last et_pb_contact_field_last_tablet et_pb_contact_field_last_phone\"><!-- [et_pb_line_break_holder] -->\t\t\t\t\t\t<label class=\"et_pb_contact_form_label\" for=\"et_pb_signup_firstname\" style=\"display: none;\">zem\u011bpisn\u00e1 d\u00e9lka<\/label><!-- [et_pb_line_break_holder] -->\t\t\t\t\t\t<input id=\"et_pb_signup_firstname\" class=\"input\" type=\"text\" placeholder=\"zem\u011bpisn\u00e1 d\u00e9lka\" name=\"lon\"><!-- [et_pb_line_break_holder] -->\t\t\t\t\t<\/pee><!-- [et_pb_line_break_holder] -->\t\t\t\t\t\t<!-- [et_pb_line_break_holder] -->\t\t\t\t\t\t\t<!-- [et_pb_line_break_holder] -->\t\t\t\t\t<pee class=\"et_pb_newsletter_field et_pb_contact_field_last et_pb_contact_field_last_tablet et_pb_contact_field_last_phone\"><!-- [et_pb_line_break_holder] --><!-- [et_pb_line_break_holder] -->\t\t\t\t\t\t\t<!-- [et_pb_line_break_holder] -->\t\t\t\t\t\t\t<!-- [et_pb_line_break_holder] -->\t\t\t\t\t<pee class=\"et_pb_button_wrap\"><!-- [et_pb_line_break_holder] -->\t\t\t\t\t\t<a class=\"et_pb_button et_bp_light\" onclick=\"this.closest('form').submit();return false;\" data-icon=\"\"><!-- [et_pb_line_break_holder] -->\t\t\t\t\t\t\t<span class=\"et_subscribe_loader\"><\/span><!-- [et_pb_line_break_holder] -->\t\t\t\t\t\t\t<span class=\"et_pb_button_text\">zobrazit c\u00edl<\/span><!-- [et_pb_line_break_holder] -->\t\t\t\t\t\t<\/a><!-- [et_pb_line_break_holder] -->\t\t\t\t\t<\/pee><!-- [et_pb_line_break_holder] -->\t\t\t\t\t\t\t<!-- [et_pb_line_break_holder] -->\t\t\t\t\t\t<\/div><!-- [et_pb_line_break_holder] -->\t\t\t\t\t\t<!-- [et_pb_line_break_holder] -->\t\t\t\t\t<input type=\"hidden\" name=\"trp-form-language\" value=\"cs\"\/><\/form><!-- [et_pb_line_break_holder] -->\t\t\t\t<\/div><!-- [et_pb_line_break_holder] -->\t\t\t<\/div><!-- [et_pb_line_break_holder] -->\t\t\t<\/div>[\/et_pb_code][\/et_pb_column][\/et_pb_row][\/et_pb_section]","protected":false},"excerpt":{"rendered":"<p>Slow Food Waldviertel Markt der ErdeAn zwei Samstagen im Monat wird der Hauptplatz unserer Bezirkshauptstadt zu einem pulsierenden Treffpunkt f\u00fcr nachhaltige Lebensmittel-Herstellung. \u00dcber 200 Markttage\u00a0haben bereits stattgefunden und feste &#8222;Standler:innen&#8220; bieten eine Vielzahl von Produkten an, darunter Bio-Fisch, Handwerksbrot, Freilandeier, Frisches und veredeltes Wild, Bier, Lamm-Spezialit\u00e4ten, alte Gem\u00fcsesorten, gro\u00dfteils in biologischer Qualit\u00e4t. Es gibt immer [&hellip;]<\/p>","protected":false},"author":7,"featured_media":0,"parent":0,"menu_order":0,"comment_status":"closed","ping_status":"closed","template":"","meta":{"_acf_changed":false,"_et_pb_use_builder":"on","_et_pb_old_content":"","_et_gb_content_width":"","footnotes":""},"difl_page_category":[],"class_list":["post-244120","page","type-page","status-publish","hentry"],"acf":[],"_links":{"self":[{"href":"https:\/\/app.slowfoodwaldviertel.at\/cs\/wp-json\/wp\/v2\/pages\/244120","targetHints":{"allow":["GET"]}}],"collection":[{"href":"https:\/\/app.slowfoodwaldviertel.at\/cs\/wp-json\/wp\/v2\/pages"}],"about":[{"href":"https:\/\/app.slowfoodwaldviertel.at\/cs\/wp-json\/wp\/v2\/types\/page"}],"author":[{"embeddable":true,"href":"https:\/\/app.slowfoodwaldviertel.at\/cs\/wp-json\/wp\/v2\/users\/7"}],"replies":[{"embeddable":true,"href":"https:\/\/app.slowfoodwaldviertel.at\/cs\/wp-json\/wp\/v2\/comments?post=244120"}],"version-history":[{"count":123,"href":"https:\/\/app.slowfoodwaldviertel.at\/cs\/wp-json\/wp\/v2\/pages\/244120\/revisions"}],"predecessor-version":[{"id":247295,"href":"https:\/\/app.slowfoodwaldviertel.at\/cs\/wp-json\/wp\/v2\/pages\/244120\/revisions\/247295"}],"wp:attachment":[{"href":"https:\/\/app.slowfoodwaldviertel.at\/cs\/wp-json\/wp\/v2\/media?parent=244120"}],"wp:term":[{"taxonomy":"difl_page_category","embeddable":true,"href":"https:\/\/app.slowfoodwaldviertel.at\/cs\/wp-json\/wp\/v2\/difl_page_category?post=244120"}],"curies":[{"name":"wp","href":"https:\/\/api.w.org\/{rel}","templated":true}]}}