{"id":244122,"date":"2022-11-15T20:42:27","date_gmt":"2022-11-15T19:42:27","guid":{"rendered":"https:\/\/app.slowfoodwaldviertel.at\/?page_id=244122"},"modified":"2025-01-06T17:00:28","modified_gmt":"2025-01-06T16:00:28","slug":"info","status":"publish","type":"page","link":"https:\/\/app.slowfoodwaldviertel.at\/cs\/info\/","title":{"rendered":"info"},"content":{"rendered":"<p>[et_pb_section fb_built=&#8220;1&#8243; _builder_version=&#8220;4.27.2&#8243; background_image=&#8220;https:\/\/app.slowfoodwaldviertel.at\/wp-content\/uploads\/2024\/12\/csm_sf_produzent_noe_biosain_tristan_toe_c_mara_hohla_web_Collage_1_40de19d1bf.jpg&#8220; vertical_offset_tablet=&#8220;0&#8243; horizontal_offset_tablet=&#8220;0&#8243; custom_padding=&#8220;0px||0px|&#8220; box_shadow_horizontal_tablet=&#8220;0px&#8220; box_shadow_vertical_tablet=&#8220;0px&#8220; box_shadow_blur_tablet=&#8220;40px&#8220; box_shadow_spread_tablet=&#8220;0px&#8220; global_colors_info=&#8220;{}&#8220;][et_pb_row _builder_version=&#8220;4.19.0&#8243; vertical_offset_tablet=&#8220;0&#8243; horizontal_offset_tablet=&#8220;0&#8243; custom_margin=&#8220;0px||0px|&#8220; custom_padding=&#8220;10px||10px|&#8220; z_index_tablet=&#8220;0&#8243; box_shadow_horizontal_tablet=&#8220;0px&#8220; box_shadow_vertical_tablet=&#8220;0px&#8220; box_shadow_blur_tablet=&#8220;40px&#8220; box_shadow_spread_tablet=&#8220;0px&#8220; global_colors_info=&#8220;{}&#8220;][et_pb_column type=&#8220;4_4&#8243; _builder_version=&#8220;4.16&#8243; custom_padding=&#8220;|||&#8220; global_colors_info=&#8220;{}&#8220; custom_padding__hover=&#8220;|||&#8220;][et_pb_divider show_divider=&#8220;off&#8220; _builder_version=&#8220;4.27.2&#8243; vertical_offset_tablet=&#8220;0&#8243; horizontal_offset_tablet=&#8220;0&#8243; height=&#8220;253px&#8220; hover_enabled=&#8220;0&#8243; z_index_tablet=&#8220;0&#8243; box_shadow_horizontal_tablet=&#8220;0px&#8220; box_shadow_vertical_tablet=&#8220;0px&#8220; box_shadow_blur_tablet=&#8220;40px&#8220; box_shadow_spread_tablet=&#8220;0px&#8220; global_colors_info=&#8220;{}&#8220; sticky_enabled=&#8220;0&#8243;][\/et_pb_divider][\/et_pb_column][\/et_pb_row][\/et_pb_section][et_pb_section fb_built=&#8220;1&#8243; _builder_version=&#8220;4.16&#8243; global_colors_info=&#8220;{}&#8220;][et_pb_row _builder_version=&#8220;4.19.0&#8243; _module_preset=&#8220;default&#8220; custom_margin=&#8220;0px||0px||false|false&#8220; custom_padding=&#8220;0px||0px||false|false&#8220; global_colors_info=&#8220;{}&#8220;][et_pb_column type=&#8220;4_4&#8243; _builder_version=&#8220;4.19.0&#8243; _module_preset=&#8220;default&#8220; global_colors_info=&#8220;{}&#8220;][et_pb_text admin_label=&#8220;titel&#8220; _builder_version=&#8220;4.27.2&#8243; _module_preset=&#8220;default&#8220; locked=&#8220;off&#8220; global_colors_info=&#8220;{}&#8220;]<\/p>\n<h4 class=\"text-center\" style=\"text-align: center;\">Slow Food Waldviertel<\/h4>\n<h1 style=\"text-align: center;\">Co d\u011bl\u00e1me<\/h1>\n<p>[\/et_pb_text][et_pb_text admin_label=&#8220;big Text&#8220; module_class=&#8220;big-copy&#8220; _builder_version=&#8220;4.27.2&#8243; _module_preset=&#8220;default&#8220; global_colors_info=&#8220;{}&#8220;]<\/p>\n<p class=\"big-copy\">Jako Slow Food Waldviertel jsme ji\u017e v\u00edce ne\u017e 20 let d\u016fle\u017eit\u00fdm hlasatelem region\u00e1ln\u00edch tradic, dobr\u00e9ho j\u00eddla a m\u00edrn\u00e9ho \u017eivotn\u00edho tempa v severn\u00ed \u010d\u00e1sti Doln\u00edho Rakouska. V posledn\u00edch letech jsme zah\u00e1jili \u0159adu projekt\u016f, jejich\u017e c\u00edlem je zv\u00fd\u0161it pov\u011bdom\u00ed o v\u00fdznamu dobr\u00e9ho j\u00eddla.<\/p>\n<p>[\/et_pb_text][et_pb_code _builder_version=&#8220;4.27.4&#8243; _module_preset=&#8220;default&#8220; hover_enabled=&#8220;0&#8243; global_colors_info=&#8220;{}&#8220; text_orientation=&#8220;center&#8220; sticky_enabled=&#8220;0&#8243;]<a class=\"ginstagram\" href=\"https:\/\/www.instagram.com\/slowfoodwaldviertel\" target=\"_blank\">\ue09a<\/a><!-- [et_pb_line_break_holder] -->&nbsp;<!-- [et_pb_line_break_holder] -->&nbsp;<!-- [et_pb_line_break_holder] --><a class=\"gfacebook\" href=\"https:\/\/www.facebook.com\/people\/Slow-Food-Waldviertel\/100066254366894\/h\" target=\"_blank\">\ue0c1<\/a>[\/et_pb_code][\/et_pb_column][\/et_pb_row][\/et_pb_section][et_pb_section fb_built=&#8220;1&#8243; _builder_version=&#8220;4.19.0&#8243; _module_preset=&#8220;default&#8220; background_color=&#8220;#f4f4f4&#8243; custom_margin=&#8220;0px||||false|false&#8220; custom_padding=&#8220;10px||||false|false&#8220; global_colors_info=&#8220;{}&#8220;][et_pb_row _builder_version=&#8220;4.19.0&#8243; _module_preset=&#8220;default&#8220; custom_margin=&#8220;0px||||false|false&#8220; custom_padding=&#8220;0px||||false|false&#8220; global_colors_info=&#8220;{}&#8220;][et_pb_column type=&#8220;4_4&#8243; _builder_version=&#8220;4.19.0&#8243; _module_preset=&#8220;default&#8220; global_colors_info=&#8220;{}&#8220;][et_pb_menu menu_id=&#8220;46&#8243; menu_style=&#8220;centered&#8220; module_class=&#8220;lwp-hide-mobile-menu impressum-menu&#8220; _builder_version=&#8220;4.19.0&#8243; _module_preset=&#8220;default&#8220; menu_font=&#8220;|800|||||||&#8220; background_enable_color=&#8220;off&#8220; global_colors_info=&#8220;{}&#8220;][\/et_pb_menu][et_pb_code disabled_on=&#8220;on|on|on&#8220; admin_label=&#8220;Umfrage&#8220; _builder_version=&#8220;4.19.0&#8243; _module_preset=&#8220;default&#8220; background_color=&#8220;#fcfcfc&#8220; border_radii=&#8220;on|20px|20px|20px|20px&#8220; disabled=&#8220;on&#8220; global_colors_info=&#8220;{}&#8220;]<div id=\"polls-2\" class=\"wp-polls\">\n\t<form id=\"polls_form_2\" class=\"wp-polls-form\" action=\"\/index.php\" method=\"post\" data-trp-original-action=\"\/index.php\">\n\t\t<p style=\"display: none;\"><input type=\"hidden\" id=\"poll_2_nonce\" name=\"wp-polls-nonce\" value=\"8cbe31cadd\" \/><\/p>\n\t\t<p style=\"display: none;\"><input type=\"hidden\" name=\"poll_id\" value=\"2\" \/><\/p>\n\t\t<p style=\"display: none;\"><input type=\"hidden\" id=\"poll_multiple_ans_2\" name=\"poll_multiple_ans_2\" value=\"5\" \/><\/p>\n\t\t<p style=\"text-align: center\"><strong>Kter\u00e9 pam\u00e1tky nebo atrakce jste ji\u017e nav\u0161t\u00edvili?<\/strong><\/p><div id=\"polls-2-ans\" class=\"wp-polls-ans\"><ul class=\"wp-polls-ul\">\n\t\t<li><input type=\"checkbox\" id=\"poll-answer-7\" name=\"poll_2\" value=\"7\" \/> <label for=\"poll-answer-7\">voli\u00e9ra ibisa skaln\u00edho<\/label><\/li>\n\t\t<li><input type=\"checkbox\" id=\"poll-answer-9\" name=\"poll_2\" value=\"9\" \/> <label for=\"poll-answer-9\">cyklotrasa Thayarunde<\/label><\/li>\n\t\t<li><input type=\"checkbox\" id=\"poll-answer-10\" name=\"poll_2\" value=\"10\" \/> <label for=\"poll-answer-10\">Z\u00e1mek T\u0159e\u0161\u0165<\/label><\/li>\n\t\t<li><input type=\"checkbox\" id=\"poll-answer-8\" name=\"poll_2\" value=\"8\" \/> <label for=\"poll-answer-8\">z\u00e1meck\u00fd anglick\u00fd park Budkov<\/label><\/li>\n\t\t<li><input type=\"checkbox\" id=\"poll-answer-6\" name=\"poll_2\" value=\"6\" \/> <label for=\"poll-answer-6\">z\u0159\u00edcenina Kollmitz<\/label><\/li>\n\t\t<\/ul><p style=\"text-align: center\"><input type=\"button\" name=\"vote\" value=\" hlasovat \" class=\"Buttons\" onclick=\"poll_vote(2);\" \/><\/p><p style=\"text-align: center\"><a href=\"#ViewPollResults\" onclick=\"poll_result(2); return false;\" title=\"Zobrazit v\u00fdsledky tohoto hlasov\u00e1n\u00ed\">zobrazit v\u00fdsledky hlasov\u00e1n\u00ed<\/a><\/p><\/div>\n\t<input type=\"hidden\" name=\"trp-form-language\" value=\"cs\"\/><\/form>\n<\/div>\n<div id=\"polls-2-loading\" class=\"wp-polls-loading\"><img loading=\"lazy\" decoding=\"async\" src=\"https:\/\/app.slowfoodwaldviertel.at\/wp-content\/plugins\/wp-polls\/images\/loading.gif\" width=\"16\" height=\"16\" alt=\"Nahr\u00e1v\u00e1n\u00ed ...\" title=\"Nahr\u00e1v\u00e1n\u00ed ...\" class=\"wp-polls-image\" \/>&nbsp;Nahr\u00e1v\u00e1n\u00ed ...<\/div>\n[\/et_pb_code][et_pb_code disabled_on=&#8220;on|on|on&#8220; admin_label=&#8220;Polls Style&#8220; _builder_version=&#8220;4.19.0&#8243; _module_preset=&#8220;default&#8220; disabled=&#8220;on&#8220; global_colors_info=&#8220;{}&#8220;]<\/p>\n<style><!-- [et_pb_line_break_holder] -->.wp-polls ul li, .wp-polls-ul li, .wp-polls-ans ul li {<!-- [et_pb_line_break_holder] -->    padding-bottom: 16px;<!-- [et_pb_line_break_holder] -->}<!-- [et_pb_line_break_holder] -->cite, em, i {<!-- [et_pb_line_break_holder] -->    font-style:normal;<!-- [et_pb_line_break_holder] -->    font-size: 20px;<!-- [et_pb_line_break_holder] -->  }<!-- [et_pb_line_break_holder] -->  .wp-polls-ans {<!-- [et_pb_line_break_holder] -->   \/* max-width: 600px;*\/<!-- [et_pb_line_break_holder] -->      }<!-- [et_pb_line_break_holder] -->  <!-- [et_pb_line_break_holder] -->  .wp-polls small {<!-- [et_pb_line_break_holder] -->    font-weight: 400;<!-- [et_pb_line_break_holder] -->    background-color: #cfcfcf;<!-- [et_pb_line_break_holder] -->    border-radius: 5px;<!-- [et_pb_line_break_holder] -->    padding-right: 10px;<!-- [et_pb_line_break_holder] -->    padding-left: 10px;<!-- [et_pb_line_break_holder] -->    font-size: 17px;<!-- [et_pb_line_break_holder] -->  }<!-- [et_pb_line_break_holder] -->  <!-- [et_pb_line_break_holder] -->  .wp-polls p:first-of-type{<!-- [et_pb_line_break_holder] -->        line-height: 4em !important;<!-- [et_pb_line_break_holder] -->        font-size: 20px !important;<!-- [et_pb_line_break_holder] -->  }<!-- [et_pb_line_break_holder] -->    .wp-polls p:last-of-type{<!-- [et_pb_line_break_holder] -->        line-height: 4em !important;<!-- [et_pb_line_break_holder] -->        font-size: 14px !important;<!-- [et_pb_line_break_holder] -->  }<!-- [et_pb_line_break_holder] -->  <!-- [et_pb_line_break_holder] -->element.style {<!-- [et_pb_line_break_holder] -->    width: 33%;<!-- [et_pb_line_break_holder] -->}<!-- [et_pb_line_break_holder] -->.wp-polls .pollbar {<!-- [et_pb_line_break_holder] -->  border-radius:5px;<!-- [et_pb_line_break_holder] -->  }<!-- [et_pb_line_break_holder] --><\/style>\n<p>[\/et_pb_code][et_pb_code _builder_version=&#8220;4.19.0&#8243; _module_preset=&#8220;default&#8220; global_colors_info=&#8220;{}&#8220;]<\/p>\n<style><!-- [et_pb_line_break_holder] -->.impressum-menu .et_pb_menu__menu>nav>ul>li {<!-- [et_pb_line_break_holder] -->    margin-right: 4px !important;<!-- [et_pb_line_break_holder] -->    margin-left: 4px !important;<!-- [et_pb_line_break_holder] -->    border-radius: 20px;<!-- [et_pb_line_break_holder] -->    padding-top: 10px;<!-- [et_pb_line_break_holder] -->    padding-bottom: 2px;<!-- [et_pb_line_break_holder] -->    background-color: #ffffff;<!-- [et_pb_line_break_holder] -->  }<!-- [et_pb_line_break_holder] -->  .impressum-menu .et_pb_menu__menu>nav>ul>li:hover {<!-- [et_pb_line_break_holder] -->      background-color: #e6e6e6;<!-- [et_pb_line_break_holder] -->  }<!-- [et_pb_line_break_holder] -->  .impressum-menu .et_pb_menu__menu>nav>ul>li:hover a {<!-- [et_pb_line_break_holder] -->      color:#000000 !important;<!-- [et_pb_line_break_holder] -->  }<!-- [et_pb_line_break_holder] -->  <!-- [et_pb_line_break_holder] --><\/style>\n<p>[\/et_pb_code][et_pb_divider show_divider=&#8220;off&#8220; disabled_on=&#8220;on|off|off&#8220; _builder_version=&#8220;4.19.0&#8243; vertical_offset_tablet=&#8220;0&#8243; horizontal_offset_tablet=&#8220;0&#8243; min_height=&#8220;299px&#8220; z_index_tablet=&#8220;0&#8243; box_shadow_horizontal_tablet=&#8220;0px&#8220; box_shadow_vertical_tablet=&#8220;0px&#8220; box_shadow_blur_tablet=&#8220;40px&#8220; box_shadow_spread_tablet=&#8220;0px&#8220; global_colors_info=&#8220;{}&#8220;][\/et_pb_divider][\/et_pb_column][\/et_pb_row][\/et_pb_section]<\/p>","protected":false},"excerpt":{"rendered":"<p>Slow Food Waldviertel Was wir tunAls Slow Food Waldviertel sind wir\u00a0seit \u00fcber 20 Jahren eine wichtige Stimme f\u00fcr regionale Traditionen, gutes Essen und ein moderates Lebenstempo im n\u00f6rdlichen Nieder\u00f6sterreich. In den vergangenen Jahren haben wir zahlreiche Projekte ins Leben gerufen, um das Bewusstsein f\u00fcr die Bedeutung von gutem Essen zu sch\u00e4rfen.<div id=\"polls-2\" class=\"wp-polls\">\n\t<form id=\"polls_form_2\" class=\"wp-polls-form\" action=\"\/index.php\" method=\"post\" data-trp-original-action=\"\/index.php\">\n\t\t<p style=\"display: none;\"><input type=\"hidden\" id=\"poll_2_nonce\" name=\"wp-polls-nonce\" value=\"8cbe31cadd\" \/><\/p>\n\t\t<p style=\"display: none;\"><input type=\"hidden\" name=\"poll_id\" value=\"2\" \/><\/p>\n\t\t<p style=\"display: none;\"><input type=\"hidden\" id=\"poll_multiple_ans_2\" name=\"poll_multiple_ans_2\" value=\"5\" \/><\/p>\n\t\t<p style=\"text-align: center\"><strong>Kter\u00e9 pam\u00e1tky nebo atrakce jste ji\u017e nav\u0161t\u00edvili?<\/strong><\/p><div id=\"polls-2-ans\" class=\"wp-polls-ans\"><ul class=\"wp-polls-ul\">\n\t\t<li><input type=\"checkbox\" id=\"poll-answer-10\" name=\"poll_2\" value=\"10\" \/> <label for=\"poll-answer-10\">Z\u00e1mek T\u0159e\u0161\u0165<\/label><\/li>\n\t\t<li><input type=\"checkbox\" id=\"poll-answer-6\" name=\"poll_2\" value=\"6\" \/> <label for=\"poll-answer-6\">z\u0159\u00edcenina Kollmitz<\/label><\/li>\n\t\t<li><input type=\"checkbox\" id=\"poll-answer-7\" name=\"poll_2\" value=\"7\" \/> <label for=\"poll-answer-7\">voli\u00e9ra ibisa skaln\u00edho<\/label><\/li>\n\t\t<li><input type=\"checkbox\" id=\"poll-answer-8\" name=\"poll_2\" value=\"8\" \/> <label for=\"poll-answer-8\">z\u00e1meck\u00fd anglick\u00fd park Budkov<\/label><\/li>\n\t\t<li><input type=\"checkbox\" id=\"poll-answer-9\" name=\"poll_2\" value=\"9\" \/> <label for=\"poll-answer-9\">cyklotrasa Thayarunde<\/label><\/li>\n\t\t<\/ul><p style=\"text-align: center\"><input type=\"button\" name=\"vote\" value=\" hlasovat \" class=\"Buttons\" onclick=\"poll_vote(2);\" \/><\/p><p style=\"text-align: center\"><a href=\"#ViewPollResults\" onclick=\"poll_result(2); return false;\" title=\"Zobrazit v\u00fdsledky tohoto hlasov\u00e1n\u00ed\">zobrazit v\u00fdsledky hlasov\u00e1n\u00ed<\/a><\/p><\/div>\n\t<input type=\"hidden\" name=\"trp-form-language\" value=\"cs\"\/><\/form>\n<\/div>\n<div id=\"polls-2-loading\" class=\"wp-polls-loading\"><img loading=\"lazy\" decoding=\"async\" src=\"https:\/\/app.slowfoodwaldviertel.at\/wp-content\/plugins\/wp-polls\/images\/loading.gif\" width=\"16\" height=\"16\" alt=\"Nahr\u00e1v\u00e1n\u00ed ...\" title=\"Nahr\u00e1v\u00e1n\u00ed ...\" class=\"wp-polls-image\" \/>&nbsp;Nahr\u00e1v\u00e1n\u00ed ...<\/div>\n<\/p>","protected":false},"author":7,"featured_media":0,"parent":0,"menu_order":0,"comment_status":"closed","ping_status":"closed","template":"","meta":{"_acf_changed":false,"_et_pb_use_builder":"on","_et_pb_old_content":"","_et_gb_content_width":"","footnotes":""},"difl_page_category":[],"class_list":["post-244122","page","type-page","status-publish","hentry"],"acf":[],"_links":{"self":[{"href":"https:\/\/app.slowfoodwaldviertel.at\/cs\/wp-json\/wp\/v2\/pages\/244122","targetHints":{"allow":["GET"]}}],"collection":[{"href":"https:\/\/app.slowfoodwaldviertel.at\/cs\/wp-json\/wp\/v2\/pages"}],"about":[{"href":"https:\/\/app.slowfoodwaldviertel.at\/cs\/wp-json\/wp\/v2\/types\/page"}],"author":[{"embeddable":true,"href":"https:\/\/app.slowfoodwaldviertel.at\/cs\/wp-json\/wp\/v2\/users\/7"}],"replies":[{"embeddable":true,"href":"https:\/\/app.slowfoodwaldviertel.at\/cs\/wp-json\/wp\/v2\/comments?post=244122"}],"version-history":[{"count":60,"href":"https:\/\/app.slowfoodwaldviertel.at\/cs\/wp-json\/wp\/v2\/pages\/244122\/revisions"}],"predecessor-version":[{"id":247615,"href":"https:\/\/app.slowfoodwaldviertel.at\/cs\/wp-json\/wp\/v2\/pages\/244122\/revisions\/247615"}],"wp:attachment":[{"href":"https:\/\/app.slowfoodwaldviertel.at\/cs\/wp-json\/wp\/v2\/media?parent=244122"}],"wp:term":[{"taxonomy":"difl_page_category","embeddable":true,"href":"https:\/\/app.slowfoodwaldviertel.at\/cs\/wp-json\/wp\/v2\/difl_page_category?post=244122"}],"curies":[{"name":"wp","href":"https:\/\/api.w.org\/{rel}","templated":true}]}}