{"id":2,"date":"2022-11-09T12:21:12","date_gmt":"2022-11-09T11:21:12","guid":{"rendered":""},"modified":"2025-01-02T20:09:37","modified_gmt":"2025-01-02T19:09:37","slug":"home","status":"publish","type":"page","link":"https:\/\/app.slowfoodwaldviertel.at\/en\/","title":{"rendered":"Map"},"content":{"rendered":"<p>[et_pb_section fb_built=&#8220;1&#8243; _builder_version=&#8220;4.19.0&#8243; vertical_offset_tablet=&#8220;0&#8243; horizontal_offset_tablet=&#8220;0&#8243; width=&#8220;100%&#8220; max_width=&#8220;100%&#8220; custom_margin=&#8220;0px||0px|&#8220; custom_padding=&#8220;0px|0px|0px|0px&#8220; box_shadow_horizontal_tablet=&#8220;0px&#8220; box_shadow_vertical_tablet=&#8220;0px&#8220; box_shadow_blur_tablet=&#8220;40px&#8220; box_shadow_spread_tablet=&#8220;0px&#8220; global_colors_info=&#8220;{}&#8220;][et_pb_row use_custom_gutter=&#8220;on&#8220; gutter_width=&#8220;1&#8243; _builder_version=&#8220;4.19.0&#8243; vertical_offset_tablet=&#8220;0&#8243; horizontal_offset_tablet=&#8220;0&#8243; width=&#8220;100%&#8220; max_width=&#8220;2560px&#8220; custom_margin=&#8220;0px||0px|&#8220; custom_padding=&#8220;0px|0px|0px|0px&#8220; z_index_tablet=&#8220;0&#8243; box_shadow_horizontal_tablet=&#8220;0px&#8220; box_shadow_vertical_tablet=&#8220;0px&#8220; box_shadow_blur_tablet=&#8220;40px&#8220; box_shadow_spread_tablet=&#8220;0px&#8220; global_colors_info=&#8220;{}&#8220;][et_pb_column type=&#8220;4_4&#8243; _builder_version=&#8220;4.16&#8243; background_pattern_horizontal_offset=&#8220;0px&#8220; background_pattern_vertical_offset=&#8220;0px&#8220; vertical_offset_tablet=&#8220;0&#8243; vertical_offset_phone=&#8220;0&#8243; horizontal_offset_tablet=&#8220;0&#8243; horizontal_offset_phone=&#8220;0&#8243; custom_padding=&#8220;0px||0px|&#8220; custom_padding_tablet=&#8220;0px||0px|&#8220; custom_padding_phone=&#8220;0px||0px|&#8220; background_color_gradient_direction_tablet=&#8220;180deg&#8220; background_color_gradient_direction_phone=&#8220;180deg&#8220; background_color_gradient_stops_tablet=&#8220;#2b87da 0%|#29c4a9 100%&#8220; background_color_gradient_stops_phone=&#8220;#2b87da 0%|#29c4a9 100%&#8220; background_image_width_tablet=&#8220;auto&#8220; background_image_width_phone=&#8220;auto&#8220; background_image_height_tablet=&#8220;auto&#8220; background_image_height_phone=&#8220;auto&#8220; background_horizontal_offset_tablet=&#8220;0px&#8220; background_horizontal_offset_phone=&#8220;0px&#8220; background_vertical_offset_tablet=&#8220;0px&#8220; background_vertical_offset_phone=&#8220;0px&#8220; background_pattern_style_tablet=&#8220;polka-dots&#8220; background_pattern_style_phone=&#8220;polka-dots&#8220; background_pattern_width_tablet=&#8220;auto&#8220; background_pattern_width_phone=&#8220;auto&#8220; background_pattern_height_tablet=&#8220;auto&#8220; background_pattern_height_phone=&#8220;auto&#8220; background_pattern_horizontal_offset_tablet=&#8220;0px&#8220; background_pattern_horizontal_offset_phone=&#8220;0px&#8220; background_pattern_vertical_offset_tablet=&#8220;0px&#8220; background_pattern_vertical_offset_phone=&#8220;0px&#8220; background_mask_style_tablet=&#8220;layer-blob&#8220; background_mask_style_phone=&#8220;layer-blob&#8220; background_mask_width_tablet=&#8220;auto&#8220; background_mask_width_phone=&#8220;auto&#8220; background_mask_height_tablet=&#8220;auto&#8220; background_mask_height_phone=&#8220;auto&#8220; background_mask_horizontal_offset_tablet=&#8220;0px&#8220; background_mask_horizontal_offset_phone=&#8220;0px&#8220; background_mask_vertical_offset_tablet=&#8220;0px&#8220; background_mask_vertical_offset_phone=&#8220;0px&#8220; z_index_tablet=&#8220;2&#8243; z_index_phone=&#8220;2&#8243; filter_hue_rotate_tablet=&#8220;0deg&#8220; filter_hue_rotate_phone=&#8220;0deg&#8220; filter_saturate_tablet=&#8220;100%&#8220; filter_saturate_phone=&#8220;100%&#8220; filter_brightness_tablet=&#8220;100%&#8220; filter_brightness_phone=&#8220;100%&#8220; filter_contrast_tablet=&#8220;100%&#8220; filter_contrast_phone=&#8220;100%&#8220; filter_invert_tablet=&#8220;0%&#8220; filter_invert_phone=&#8220;0%&#8220; filter_sepia_tablet=&#8220;0%&#8220; filter_sepia_phone=&#8220;0%&#8220; filter_opacity_tablet=&#8220;100%&#8220; filter_opacity_phone=&#8220;100%&#8220; filter_blur_tablet=&#8220;0px&#8220; filter_blur_phone=&#8220;0px&#8220; animation_duration_tablet=&#8220;1000ms&#8220; animation_duration_phone=&#8220;1000ms&#8220; animation_delay_tablet=&#8220;0ms&#8220; animation_delay_phone=&#8220;0ms&#8220; animation_intensity_slide_tablet=&#8220;50%&#8220; animation_intensity_slide_phone=&#8220;50%&#8220; animation_intensity_zoom_tablet=&#8220;50%&#8220; animation_intensity_zoom_phone=&#8220;50%&#8220; animation_intensity_flip_tablet=&#8220;50%&#8220; animation_intensity_flip_phone=&#8220;50%&#8220; animation_intensity_fold_tablet=&#8220;50%&#8220; animation_intensity_fold_phone=&#8220;50%&#8220; animation_intensity_roll_tablet=&#8220;50%&#8220; animation_intensity_roll_phone=&#8220;50%&#8220; animation_starting_opacity_tablet=&#8220;0%&#8220; animation_starting_opacity_phone=&#8220;0%&#8220; hover_transition_duration_tablet=&#8220;300ms&#8220; hover_transition_duration_phone=&#8220;300ms&#8220; hover_transition_delay_tablet=&#8220;0ms&#8220; hover_transition_delay_phone=&#8220;0ms&#8220; box_shadow_horizontal_tablet=&#8220;0px&#8220; box_shadow_horizontal_phone=&#8220;0px&#8220; box_shadow_vertical_tablet=&#8220;0px&#8220; box_shadow_vertical_phone=&#8220;0px&#8220; box_shadow_blur_tablet=&#8220;40px&#8220; box_shadow_blur_phone=&#8220;40px&#8220; box_shadow_spread_tablet=&#8220;0px&#8220; box_shadow_spread_phone=&#8220;0px&#8220; disabled=&#8220;%91object HTMLInputElement%93&#8243; global_colors_info=&#8220;{}&#8220; custom_padding__hover=&#8220;|||&#8220;][et_pb_code disabled_on=&#8220;on|on|on&#8220; _builder_version=&#8220;4.21.0&#8243; vertical_offset_tablet=&#8220;0&#8243; horizontal_offset_tablet=&#8220;0&#8243; custom_margin=&#8220;0px|||&#8220; custom_padding=&#8220;0px|||&#8220; z_index_tablet=&#8220;0&#8243; box_shadow_horizontal_tablet=&#8220;0px&#8220; box_shadow_vertical_tablet=&#8220;0px&#8220; box_shadow_blur_tablet=&#8220;40px&#8220; box_shadow_spread_tablet=&#8220;0px&#8220; disabled=&#8220;on&#8220; global_colors_info=&#8220;{}&#8220;]<!-- [et_pb_line_break_holder] -->[\/et_pb_code][et_pb_code disabled_on=\"off|off|off\" admin_label=\"Map\" _builder_version=\"4.27.2\u2033 vertical_offset_tablet=\"0\u2033 horizontal_offset_tablet=\"0\u2033 custom_margin=\"0px|||\" custom_padding=\"0px|||\" hover_enabled=\"0\u2033 z_index_tablet=\"0\u2033 box_shadow_horizontal_tablet=\"0px\" box_shadow_vertical_tablet=\"0px\" box_shadow_blur_tablet=\"40px\" box_shadow_spread_tablet=\"0px\" global_colors_info=\"{}\" sticky_enabled=\"0\u2033][\/et_pb_code][et_pb_code disabled_on=\"on|on|on\" _builder_version=\"4.19.0\u2033 vertical_offset_tablet=\"0\u2033 horizontal_offset_tablet=\"0\u2033 z_index_tablet=\"0\u2033 box_shadow_horizontal_tablet=\"0px\" box_shadow_vertical_tablet=\"0px\" box_shadow_blur_tablet=\"40px\" box_shadow_spread_tablet=\"0px\" disabled=\"on\" global_colors_info=\"{}\"][\/et_pb_code][\/et_pb_column][\/et_pb_row][\/et_pb_section][et_pb_section fb_built=\"1\u2033 disabled_on=\"on|on|on\" _builder_version=\"4.19.0\u2033 _module_preset=\"default\" background_color=\"#3c3c3c\" vertical_offset_tablet=\"0\u2033 horizontal_offset_tablet=\"0\u2033 height=\"100px\" custom_padding=\"0px||0px||true|false\" sticky_position=\"bottom\" box_shadow_horizontal_tablet=\"0px\" box_shadow_vertical_tablet=\"0px\" box_shadow_blur_tablet=\"40px\" box_shadow_spread_tablet=\"0px\" disabled=\"on\" global_colors_info=\"{}\" background__sticky_enabled=\"on|sticky\" background_color__sticky=\"RGBA(0,0,0,0)\" background_enable_color__sticky=\"on\"][et_pb_row use_custom_gutter=\"on\" gutter_width=\"1\u2033 _builder_version=\"4.16\u2033 _module_preset=\"default\" background_color=\"#1A2545\u2033 width=\"94%\" custom_padding=\"10px||6px||false|false\" custom_css_main_element=\"display:flex;||align-items:centre;||justify-content:centre;||flex-wrap:nowrap;\" border_radii=\"off|20px|20px||\" global_colors_info=\"{}\"][et_pb_column type=\"4_4\u2033 _builder_version=\"4.21.0\u2033 _module_preset=\"default\" global_colors_info=\"{}\"][\/et_pb_column][\/et_pb_row][\/et_pb_section]<\/p>","protected":false},"excerpt":{"rendered":"<p><\/p>","protected":false},"author":7,"featured_media":0,"parent":0,"menu_order":0,"comment_status":"closed","ping_status":"closed","template":"","meta":{"_acf_changed":false,"_et_pb_use_builder":"on","_et_pb_old_content":"Dies ist eine Beispiel-Seite. Sie unterscheidet sich von Beitr\u00e4gen, da sie stets an der selben Stelle bleibt und (bei den meisten Themes) in der Navigation angezeigt wird. Die meisten Leute starten mit einem Impressum oder einer \u201e\u00dcber uns\u201c-Seite mit einer Vorstellung f\u00fcr m\u00f6gliche Besucher der Website. Dort k\u00f6nnte zum Beispiel stehen:\r\n<blockquote>Hallo! Tags\u00fcber arbeite ich als Fahrradkurier, nachts bin ich ein aufstrebender Schauspieler und dies hier ist meine Website. Ich lebe in Berlin, habe einen gro\u00dfen Hund namens Jack, mag Pi\u00f1a Coladas, jedoch weniger (ohne Schirm) im Regen stehen gelassen zu werden.<\/blockquote>\r\n...oder sowas wie:\r\n<blockquote>Unsere Firma XYZ wurde 1971 gegr\u00fcndet und hat seither eine Menge hochqualitativen ABC f\u00fcr die \u00d6ffentlichkeit produziert. Ans\u00e4ssig in Gotham City, hat XYZ mittlerweile \u00fcber 2.000 Mitarbeiter und entwickelt immer wieder gro\u00dfartige Dinge f\u00fcr die ganze Gotham-Gemeinschaft.<\/blockquote>\r\nAls neuer WordPress-Benutzer solltest du das Dashboard aufrufen, um diese Seite zu l\u00f6schen und statt dessen eine neue Seite mit deinen eigenen Inhalten erstellen. Viel Spa\u00df!","_et_gb_content_width":"","footnotes":""},"difl_page_category":[],"class_list":["post-2","page","type-page","status-publish","hentry"],"acf":[],"_links":{"self":[{"href":"https:\/\/app.slowfoodwaldviertel.at\/en\/wp-json\/wp\/v2\/pages\/2","targetHints":{"allow":["GET"]}}],"collection":[{"href":"https:\/\/app.slowfoodwaldviertel.at\/en\/wp-json\/wp\/v2\/pages"}],"about":[{"href":"https:\/\/app.slowfoodwaldviertel.at\/en\/wp-json\/wp\/v2\/types\/page"}],"author":[{"embeddable":true,"href":"https:\/\/app.slowfoodwaldviertel.at\/en\/wp-json\/wp\/v2\/users\/7"}],"replies":[{"embeddable":true,"href":"https:\/\/app.slowfoodwaldviertel.at\/en\/wp-json\/wp\/v2\/comments?post=2"}],"version-history":[{"count":27,"href":"https:\/\/app.slowfoodwaldviertel.at\/en\/wp-json\/wp\/v2\/pages\/2\/revisions"}],"predecessor-version":[{"id":247303,"href":"https:\/\/app.slowfoodwaldviertel.at\/en\/wp-json\/wp\/v2\/pages\/2\/revisions\/247303"}],"wp:attachment":[{"href":"https:\/\/app.slowfoodwaldviertel.at\/en\/wp-json\/wp\/v2\/media?parent=2"}],"wp:term":[{"taxonomy":"difl_page_category","embeddable":true,"href":"https:\/\/app.slowfoodwaldviertel.at\/en\/wp-json\/wp\/v2\/difl_page_category?post=2"}],"curies":[{"name":"wp","href":"https:\/\/api.w.org\/{rel}","templated":true}]}}