{"id":244120,"date":"2022-11-15T20:41:55","date_gmt":"2022-11-15T19:41:55","guid":{"rendered":"https:\/\/app.slowfoodwaldviertel.at\/?page_id=244120"},"modified":"2025-01-02T19:02:41","modified_gmt":"2025-01-02T18:02:41","slug":"markt","status":"publish","type":"page","link":"https:\/\/app.slowfoodwaldviertel.at\/en\/market\/","title":{"rendered":"Market of the earth"},"content":{"rendered":"[et_pb_section fb_built=&#8220;1&#8243; _builder_version=&#8220;4.27.2&#8243; background_image=&#8220;https:\/\/app.slowfoodwaldviertel.at\/wp-content\/uploads\/2025\/01\/csm_SFW4_header_Biosain_02_c_mara_hohla_high_21_c30b2f99cb.png&#8220; vertical_offset_tablet=&#8220;0&#8243; horizontal_offset_tablet=&#8220;0&#8243; custom_padding=&#8220;0px||0px|&#8220; box_shadow_horizontal_tablet=&#8220;0px&#8220; box_shadow_vertical_tablet=&#8220;0px&#8220; box_shadow_blur_tablet=&#8220;40px&#8220; box_shadow_spread_tablet=&#8220;0px&#8220; locked=&#8220;off&#8220; global_colors_info=&#8220;{}&#8220;][et_pb_row _builder_version=&#8220;4.19.0&#8243; vertical_offset_tablet=&#8220;0&#8243; horizontal_offset_tablet=&#8220;0&#8243; custom_margin=&#8220;0px||0px|&#8220; custom_padding=&#8220;10px||10px|&#8220; z_index_tablet=&#8220;0&#8243; box_shadow_horizontal_tablet=&#8220;0px&#8220; box_shadow_vertical_tablet=&#8220;0px&#8220; box_shadow_blur_tablet=&#8220;40px&#8220; box_shadow_spread_tablet=&#8220;0px&#8220; global_colors_info=&#8220;{}&#8220;][et_pb_column type=&#8220;4_4&#8243; _builder_version=&#8220;4.16&#8243; custom_padding=&#8220;|||&#8220; global_colors_info=&#8220;{}&#8220; custom_padding__hover=&#8220;|||&#8220;][et_pb_divider show_divider=&#8220;off&#8220; _builder_version=&#8220;4.27.2&#8243; vertical_offset_tablet=&#8220;0&#8243; horizontal_offset_tablet=&#8220;0&#8243; height=&#8220;253px&#8220; z_index_tablet=&#8220;0&#8243; box_shadow_horizontal_tablet=&#8220;0px&#8220; box_shadow_vertical_tablet=&#8220;0px&#8220; box_shadow_blur_tablet=&#8220;40px&#8220; box_shadow_spread_tablet=&#8220;0px&#8220; global_colors_info=&#8220;{}&#8220;][\/et_pb_divider][\/et_pb_column][\/et_pb_row][\/et_pb_section][et_pb_section fb_built=&#8220;1&#8243; _builder_version=&#8220;4.16&#8243; locked=&#8220;off&#8220; global_colors_info=&#8220;{}&#8220;][et_pb_row _builder_version=&#8220;4.19.0&#8243; _module_preset=&#8220;default&#8220; custom_margin=&#8220;0px||0px||false|false&#8220; custom_padding=&#8220;0px||0px||false|false&#8220; global_colors_info=&#8220;{}&#8220;][et_pb_column type=&#8220;4_4&#8243; _builder_version=&#8220;4.19.0&#8243; _module_preset=&#8220;default&#8220; global_colors_info=&#8220;{}&#8220;][et_pb_text admin_label=&#8220;titel&#8220; _builder_version=&#8220;4.27.2&#8243; _module_preset=&#8220;default&#8220; global_colors_info=&#8220;{}&#8220;]<h4 class=\"text-center\" style=\"text-align: center;\">Slow Food Waldviertel<\/h4>\n<h1 style=\"text-align: center;\">Market of the earth<\/h1>[\/et_pb_text][et_pb_text module_class=&#8220;big-copy&#8220; _builder_version=&#8220;4.27.2&#8243; vertical_offset_tablet=&#8220;0&#8243; horizontal_offset_tablet=&#8220;0&#8243; z_index_tablet=&#8220;0&#8243; text_text_shadow_horizontal_length_tablet=&#8220;0px&#8220; text_text_shadow_vertical_length_tablet=&#8220;0px&#8220; text_text_shadow_blur_strength_tablet=&#8220;1px&#8220; link_text_shadow_horizontal_length_tablet=&#8220;0px&#8220; link_text_shadow_vertical_length_tablet=&#8220;0px&#8220; link_text_shadow_blur_strength_tablet=&#8220;1px&#8220; ul_text_shadow_horizontal_length_tablet=&#8220;0px&#8220; ul_text_shadow_vertical_length_tablet=&#8220;0px&#8220; ul_text_shadow_blur_strength_tablet=&#8220;1px&#8220; ol_text_shadow_horizontal_length_tablet=&#8220;0px&#8220; ol_text_shadow_vertical_length_tablet=&#8220;0px&#8220; ol_text_shadow_blur_strength_tablet=&#8220;1px&#8220; quote_text_shadow_horizontal_length_tablet=&#8220;0px&#8220; quote_text_shadow_vertical_length_tablet=&#8220;0px&#8220; quote_text_shadow_blur_strength_tablet=&#8220;1px&#8220; header_text_shadow_horizontal_length_tablet=&#8220;0px&#8220; header_text_shadow_vertical_length_tablet=&#8220;0px&#8220; header_text_shadow_blur_strength_tablet=&#8220;1px&#8220; header_2_text_shadow_horizontal_length_tablet=&#8220;0px&#8220; header_2_text_shadow_vertical_length_tablet=&#8220;0px&#8220; header_2_text_shadow_blur_strength_tablet=&#8220;1px&#8220; header_3_text_shadow_horizontal_length_tablet=&#8220;0px&#8220; header_3_text_shadow_vertical_length_tablet=&#8220;0px&#8220; header_3_text_shadow_blur_strength_tablet=&#8220;1px&#8220; header_4_text_shadow_horizontal_length_tablet=&#8220;0px&#8220; header_4_text_shadow_vertical_length_tablet=&#8220;0px&#8220; header_4_text_shadow_blur_strength_tablet=&#8220;1px&#8220; header_5_text_shadow_horizontal_length_tablet=&#8220;0px&#8220; header_5_text_shadow_vertical_length_tablet=&#8220;0px&#8220; header_5_text_shadow_blur_strength_tablet=&#8220;1px&#8220; header_6_text_shadow_horizontal_length_tablet=&#8220;0px&#8220; header_6_text_shadow_vertical_length_tablet=&#8220;0px&#8220; header_6_text_shadow_blur_strength_tablet=&#8220;1px&#8220; box_shadow_horizontal_tablet=&#8220;0px&#8220; box_shadow_vertical_tablet=&#8220;0px&#8220; box_shadow_blur_tablet=&#8220;40px&#8220; box_shadow_spread_tablet=&#8220;0px&#8220; global_colors_info=&#8220;{}&#8220;]<p>On two Saturdays a month, the main square of our district capital becomes a vibrant meeting place for sustainable food production. Over 200 market days have already taken place and permanent stallholders offer a variety of products, including organic fish, artisan bread, free-range eggs, fresh and refined game, beer, lamb specialities, old vegetables, mostly organic. There is always a wine stand, something to eat, such as homemade empanadas, lamb liver cheese rolls, etc.  Guests from the large Slow Food family are always present and enrich the diversity of our market.<\/p>[\/et_pb_text][\/et_pb_column][\/et_pb_row][\/et_pb_section][et_pb_section fb_built=&#8220;1&#8243; _builder_version=&#8220;4.19.0&#8243; custom_margin=&#8220;0px||||false|false&#8220; custom_padding=&#8220;0px||||false|false&#8220; collapsed=&#8220;off&#8220; global_colors_info=&#8220;{}&#8220;][et_pb_row _builder_version=&#8220;4.16&#8243; background_size=&#8220;initial&#8220; background_position=&#8220;top_left&#8220; background_repeat=&#8220;repeat&#8220; global_colors_info=&#8220;{}&#8220;][et_pb_column type=&#8220;4_4&#8243; _builder_version=&#8220;4.16&#8243; custom_padding=&#8220;|||&#8220; global_colors_info=&#8220;{}&#8220; custom_padding__hover=&#8220;|||&#8220;][et_pb_text _builder_version=&#8220;4.27.2&#8243; vertical_offset_tablet=&#8220;0&#8243; horizontal_offset_tablet=&#8220;0&#8243; z_index_tablet=&#8220;0&#8243; text_text_shadow_horizontal_length_tablet=&#8220;0px&#8220; text_text_shadow_vertical_length_tablet=&#8220;0px&#8220; text_text_shadow_blur_strength_tablet=&#8220;1px&#8220; link_text_shadow_horizontal_length_tablet=&#8220;0px&#8220; link_text_shadow_vertical_length_tablet=&#8220;0px&#8220; link_text_shadow_blur_strength_tablet=&#8220;1px&#8220; ul_text_shadow_horizontal_length_tablet=&#8220;0px&#8220; ul_text_shadow_vertical_length_tablet=&#8220;0px&#8220; ul_text_shadow_blur_strength_tablet=&#8220;1px&#8220; ol_text_shadow_horizontal_length_tablet=&#8220;0px&#8220; ol_text_shadow_vertical_length_tablet=&#8220;0px&#8220; ol_text_shadow_blur_strength_tablet=&#8220;1px&#8220; quote_text_shadow_horizontal_length_tablet=&#8220;0px&#8220; quote_text_shadow_vertical_length_tablet=&#8220;0px&#8220; quote_text_shadow_blur_strength_tablet=&#8220;1px&#8220; header_text_shadow_horizontal_length_tablet=&#8220;0px&#8220; header_text_shadow_vertical_length_tablet=&#8220;0px&#8220; header_text_shadow_blur_strength_tablet=&#8220;1px&#8220; header_2_text_shadow_horizontal_length_tablet=&#8220;0px&#8220; header_2_text_shadow_vertical_length_tablet=&#8220;0px&#8220; header_2_text_shadow_blur_strength_tablet=&#8220;1px&#8220; header_3_text_shadow_horizontal_length_tablet=&#8220;0px&#8220; header_3_text_shadow_vertical_length_tablet=&#8220;0px&#8220; header_3_text_shadow_blur_strength_tablet=&#8220;1px&#8220; header_4_text_shadow_horizontal_length_tablet=&#8220;0px&#8220; header_4_text_shadow_vertical_length_tablet=&#8220;0px&#8220; header_4_text_shadow_blur_strength_tablet=&#8220;1px&#8220; header_5_text_shadow_horizontal_length_tablet=&#8220;0px&#8220; header_5_text_shadow_vertical_length_tablet=&#8220;0px&#8220; header_5_text_shadow_blur_strength_tablet=&#8220;1px&#8220; header_6_text_shadow_horizontal_length_tablet=&#8220;0px&#8220; header_6_text_shadow_vertical_length_tablet=&#8220;0px&#8220; header_6_text_shadow_blur_strength_tablet=&#8220;1px&#8220; box_shadow_horizontal_tablet=&#8220;0px&#8220; box_shadow_vertical_tablet=&#8220;0px&#8220; box_shadow_blur_tablet=&#8220;40px&#8220; box_shadow_spread_tablet=&#8220;0px&#8220; global_colors_info=&#8220;{}&#8220;]<p>In 2012, we launched Austria's second Market of the Earth location with the \"Regionalmarkt - Markt der Erde Horn\", helping to turn an almost extinct old town centre back into a place for meeting and valuable exchange. Our market is not only a place to sell and buy, but also a place of learning and inspiration. While shopping, you can meet local producers, learn more about their work and benefit from their knowledge and experience:<\/p>[\/et_pb_text][et_pb_text admin_label=&#8220;Liste&#8220; _builder_version=&#8220;4.27.2&#8243; _module_preset=&#8220;default&#8220; global_colors_info=&#8220;{}&#8220;]<ul>\n<li>Organic bread and pastries from\u00a0<a href=\"https:\/\/brotocnik.at\/\" target=\"_blank\" rel=\"noopener noreferrer\">BROTocnik<\/a>\u00a0from Burgerwiesen<\/li>\n<li>Fresh, local organic fish from the\u00a0<a href=\"http:\/\/www.ottenstein.at\/\" target=\"_blank\" rel=\"noopener noreferrer\">Ottenstein Estate\u00a0<\/a>from Zierings\u00a0<\/li>\n<li>Organic vegetables from Biosain\u00a0<a href=\"http:\/\/www.biosain.at\/\" target=\"_blank\" rel=\"noopener noreferrer\">Tristan To\u00e9<\/a>\u00a0from Wachtberg\u00a0<\/li>\n<li>Fresh, refined organic lamb and organic hemp from the Nendwich organic farm in Pernegg<\/li>\n<li>Honey, beeswax candles, foam rolls, tomato sauces, Christian and Birgit Hundlinger from M\u00fchlfeld.<\/li>\n<li>Smoked fish specialities from Veronika Hundlinger<\/li>\n<li>Organic tomato sauces and organic pickles from\u00a0<a href=\"https:\/\/www.reinsaat.at\/\" target=\"_blank\" rel=\"noopener noreferrer\">Pure seed<\/a>\u00a0from St. Leonhard\u00a0<\/li>\n<li>Homemade Argentinian specialities from Algo Rico &amp; Sandra Federigi\u00a0<\/li>\n<li>Organic beer open and in the bottle from the\u00a0<a href=\"http:\/\/www.hopfenspinnerei.at\/\" target=\"_blank\" rel=\"noopener noreferrer\">Hop spinning mill<\/a>\u00a0from Waidhofen\/Thaya\u00a0 \u00a0 \u00a0 \u00a0\u00a0\u00a0 \u00a0<\/li>\n<li>Game meat and game specialities from Andreas Winkelhofer from Breiteneich (break from April to September)\u00a0\u00a0<\/li>\n<li>\n<p>Organic free-range poultry (chicken, duck, turkey and goose) from Wald Gut in Mahrersdorf<\/p>\n<\/li>\n<li>\n<p>Organic eggs from free-range chickens, organic wheat, organic spelt, organic pasta from\u00a0<a href=\"https:\/\/www.biohof-mang.at\/\" target=\"_blank\" rel=\"noopener noreferrer\">Mang Organic Farm<\/a>\u00a0from Horn<\/p>\n<\/li>\n<li>\n<p>Organic mushrooms such as lemon sole, shitake and hedgehog goat's beard from the Sch\u00f6ls family in Hollenburg<\/p>\n<\/li>\n<li>\n<p>Espresso, cappuccino, etc. from FAIRTRADE at Birgit Hundlinger's stand<\/p>\n<\/li>\n<\/ul>[\/et_pb_text][et_pb_text _builder_version=&#8220;4.27.2&#8243; _module_preset=&#8220;default&#8220; global_colors_info=&#8220;{}&#8220;]<p>Here you can find our current market dates and we look forward to welcoming you to the Market of the Earth in Horn,\u00a0<strong>every 2nd and 4th Saturday of the month, from 09:00 to 13:00<\/strong>:<\/p>[\/et_pb_text][et_pb_divider show_divider=&#8220;off&#8220; disabled_on=&#8220;on|off|off&#8220; _builder_version=&#8220;4.27.2&#8243; vertical_offset_tablet=&#8220;0&#8243; horizontal_offset_tablet=&#8220;0&#8243; min_height=&#8220;100px&#8220; hover_enabled=&#8220;0&#8243; z_index_tablet=&#8220;0&#8243; box_shadow_horizontal_tablet=&#8220;0px&#8220; box_shadow_vertical_tablet=&#8220;0px&#8220; box_shadow_blur_tablet=&#8220;40px&#8220; box_shadow_spread_tablet=&#8220;0px&#8220; global_colors_info=&#8220;{}&#8220; locked=&#8220;off&#8220; sticky_enabled=&#8220;0&#8243;][\/et_pb_divider][\/et_pb_column][\/et_pb_row][\/et_pb_section][et_pb_section fb_built=&#8220;1&#8243; disabled_on=&#8220;on|on|on&#8220; admin_label=&#8220;Karte&#8220; _builder_version=&#8220;4.19.0&#8243; background_color=&#8220;#f4f4f4&#8243; vertical_offset_tablet=&#8220;0&#8243; horizontal_offset_tablet=&#8220;0&#8243; box_shadow_horizontal_tablet=&#8220;0px&#8220; box_shadow_vertical_tablet=&#8220;0px&#8220; box_shadow_blur_tablet=&#8220;40px&#8220; box_shadow_spread_tablet=&#8220;0px&#8220; disabled=&#8220;on&#8220; collapsed=&#8220;on&#8220; global_colors_info=&#8220;{}&#8220;][et_pb_row _builder_version=&#8220;4.16&#8243; background_size=&#8220;initial&#8220; background_position=&#8220;top_left&#8220; background_repeat=&#8220;repeat&#8220; global_colors_info=&#8220;{}&#8220;][et_pb_column type=&#8220;4_4&#8243; _builder_version=&#8220;4.16&#8243; custom_padding=&#8220;|||&#8220; global_colors_info=&#8220;{}&#8220; custom_padding__hover=&#8220;|||&#8220;][et_pb_text _builder_version=&#8220;4.19.3&#8243; _module_preset=&#8220;default&#8220; global_colors_info=&#8220;{}&#8220;]<h2><strong>\u00dcbersicht aller<br \/>\u00adExperience Points<\/strong><\/h2>[\/et_pb_text][et_pb_code disabled_on=&#8220;off|off|off&#8220; module_class=&#8220;spielmap&#8220; _builder_version=&#8220;4.19.0&#8243; vertical_offset_tablet=&#8220;0&#8243; horizontal_offset_tablet=&#8220;0&#8243; custom_margin=&#8220;0px|||&#8220; custom_padding=&#8220;0px|||&#8220; z_index_tablet=&#8220;0&#8243; box_shadow_horizontal_tablet=&#8220;0px&#8220; box_shadow_vertical_tablet=&#8220;0px&#8220; box_shadow_blur_tablet=&#8220;40px&#8220; box_shadow_spread_tablet=&#8220;0px&#8220; global_colors_info=&#8220;{}&#8220;][\/et_pb_code][et_pb_code _builder_version=&#8220;4.19.0&#8243; vertical_offset_tablet=&#8220;0&#8243; horizontal_offset_tablet=&#8220;0&#8243; z_index_tablet=&#8220;0&#8243; box_shadow_horizontal_tablet=&#8220;0px&#8220; box_shadow_vertical_tablet=&#8220;0px&#8220; box_shadow_blur_tablet=&#8220;40px&#8220; box_shadow_spread_tablet=&#8220;0px&#8220; global_colors_info=&#8220;{}&#8220;]<style><!-- [et_pb_line_break_holder] -->.mapp-header {<!-- [et_pb_line_break_holder] -->    display: none;<!-- [et_pb_line_break_holder] -->}<!-- [et_pb_line_break_holder] --><\/style>[\/et_pb_code][\/et_pb_column][\/et_pb_row][et_pb_row _builder_version=&#8220;4.19.0&#8243; background_color=&#8220;#e02b20&#8243; vertical_offset_tablet=&#8220;0&#8243; horizontal_offset_tablet=&#8220;0&#8243; z_index_tablet=&#8220;0&#8243; border_radii=&#8220;on|30px|30px|30px|30px&#8220; box_shadow_horizontal_tablet=&#8220;0px&#8220; box_shadow_vertical_tablet=&#8220;0px&#8220; box_shadow_blur_tablet=&#8220;40px&#8220; box_shadow_spread_tablet=&#8220;0px&#8220; global_colors_info=&#8220;{}&#8220;][et_pb_column type=&#8220;4_4&#8243; _builder_version=&#8220;4.16&#8243; custom_padding=&#8220;|||&#8220; global_colors_info=&#8220;{}&#8220; custom_padding__hover=&#8220;|||&#8220;][et_pb_text _builder_version=&#8220;4.19.0&#8243; vertical_offset_tablet=&#8220;0&#8243; horizontal_offset_tablet=&#8220;0&#8243; text_orientation=&#8220;center&#8220; background_layout=&#8220;dark&#8220; z_index_tablet=&#8220;0&#8243; custom_css_main_element=&#8220;padding-left: 25px;||padding-right: 25px;&#8220; text_text_shadow_horizontal_length_tablet=&#8220;0px&#8220; text_text_shadow_vertical_length_tablet=&#8220;0px&#8220; text_text_shadow_blur_strength_tablet=&#8220;1px&#8220; link_text_shadow_horizontal_length_tablet=&#8220;0px&#8220; link_text_shadow_vertical_length_tablet=&#8220;0px&#8220; link_text_shadow_blur_strength_tablet=&#8220;1px&#8220; ul_text_shadow_horizontal_length_tablet=&#8220;0px&#8220; ul_text_shadow_vertical_length_tablet=&#8220;0px&#8220; ul_text_shadow_blur_strength_tablet=&#8220;1px&#8220; ol_text_shadow_horizontal_length_tablet=&#8220;0px&#8220; ol_text_shadow_vertical_length_tablet=&#8220;0px&#8220; ol_text_shadow_blur_strength_tablet=&#8220;1px&#8220; quote_text_shadow_horizontal_length_tablet=&#8220;0px&#8220; quote_text_shadow_vertical_length_tablet=&#8220;0px&#8220; quote_text_shadow_blur_strength_tablet=&#8220;1px&#8220; header_text_shadow_horizontal_length_tablet=&#8220;0px&#8220; header_text_shadow_vertical_length_tablet=&#8220;0px&#8220; header_text_shadow_blur_strength_tablet=&#8220;1px&#8220; header_2_text_shadow_horizontal_length_tablet=&#8220;0px&#8220; header_2_text_shadow_vertical_length_tablet=&#8220;0px&#8220; header_2_text_shadow_blur_strength_tablet=&#8220;1px&#8220; header_3_text_shadow_horizontal_length_tablet=&#8220;0px&#8220; header_3_text_shadow_vertical_length_tablet=&#8220;0px&#8220; header_3_text_shadow_blur_strength_tablet=&#8220;1px&#8220; header_4_text_shadow_horizontal_length_tablet=&#8220;0px&#8220; header_4_text_shadow_vertical_length_tablet=&#8220;0px&#8220; header_4_text_shadow_blur_strength_tablet=&#8220;1px&#8220; header_5_text_shadow_horizontal_length_tablet=&#8220;0px&#8220; header_5_text_shadow_vertical_length_tablet=&#8220;0px&#8220; header_5_text_shadow_blur_strength_tablet=&#8220;1px&#8220; header_6_text_shadow_horizontal_length_tablet=&#8220;0px&#8220; header_6_text_shadow_vertical_length_tablet=&#8220;0px&#8220; header_6_text_shadow_blur_strength_tablet=&#8220;1px&#8220; box_shadow_horizontal_tablet=&#8220;0px&#8220; box_shadow_vertical_tablet=&#8220;0px&#8220; box_shadow_blur_tablet=&#8220;40px&#8220; box_shadow_spread_tablet=&#8220;0px&#8220; global_colors_info=&#8220;{}&#8220;]<p>Die gesammelten Koordinaten hier eingeben.<\/p>\r[\/et_pb_text][et_pb_code _builder_version=&#8220;4.19.0&#8243; background_color=&#8220;#e02b20&#8243; vertical_offset_tablet=&#8220;0&#8243; horizontal_offset_tablet=&#8220;0&#8243; z_index_tablet=&#8220;0&#8243; box_shadow_horizontal_tablet=&#8220;0px&#8220; box_shadow_vertical_tablet=&#8220;0px&#8220; box_shadow_blur_tablet=&#8220;40px&#8220; box_shadow_spread_tablet=&#8220;0px&#8220; global_colors_info=&#8220;{}&#8220;]<style><!-- [et_pb_line_break_holder] -->.et_pb_newsletter {<!-- [et_pb_line_break_holder] -->    padding: 0 25px 0 25px;<!-- [et_pb_line_break_holder] -->}<!-- [et_pb_line_break_holder] -->.et_bp_light, .et_bp_light::after {<!-- [et_pb_line_break_holder] -->    color: #ffffff !important;<!-- [et_pb_line_break_holder] -->    border-color: #ffffff !important;<!-- [et_pb_line_break_holder] -->}<!-- [et_pb_line_break_holder] -->  <!-- [et_pb_line_break_holder] -->.et_pb_button_wrap {<!-- [et_pb_line_break_holder] -->    text-align: center;<!-- [et_pb_line_break_holder] -->}<!-- [et_pb_line_break_holder] --><!-- [et_pb_line_break_holder] -->body #page-container .et_pb_section .et_bp_light:hover {<!-- [et_pb_line_break_holder] -->    color: #FFFFFF!important;<!-- [et_pb_line_break_holder] -->    border-color: #FFFFFF!important;<!-- [et_pb_line_break_holder] -->}<!-- [et_pb_line_break_holder] -->  <!-- [et_pb_line_break_holder] -->  <!-- [et_pb_line_break_holder] --><\/style><!-- [et_pb_line_break_holder] --><!-- [et_pb_line_break_holder] --><div class=\"et_pb_column et_pb_column_4_4 et_pb_column_2  et_pb_css_mix_blend_mode_passthrough et-last-child\"><!-- [et_pb_line_break_holder] -->\t\t\t\t<!-- [et_pb_line_break_holder] -->\t\t\t\t<!-- [et_pb_line_break_holder] -->\t\t\t\t<!-- [et_pb_line_break_holder] -->\t\t\t\t<!-- [et_pb_line_break_holder] -->\t\t\t\t<div class=\"et_pb_module et_pb_signup_0 et_pb_newsletter_layout_left_right et_pb_newsletter et_pb_subscribe clearfix  et_pb_text_align_left et_pb_bg_layout_dark et_pb_newsletter_description_no_title et_pb_newsletter_description_no_content\"><!-- [et_pb_line_break_holder] -->\t\t\t\t<!-- [et_pb_line_break_holder] -->\t\t\t\t<!-- [et_pb_line_break_holder] -->\t\t\t\t<!-- [et_pb_line_break_holder] -->\t\t\t\t<!-- [et_pb_line_break_holder] -->\t\t\t\t<div class=\"et_pb_newsletter_description et_multi_view_hidden\"><\/div><!-- [et_pb_line_break_holder] -->\t\t\t\t<!-- [et_pb_line_break_holder] -->\t\t\t\t<div class=\"et_pb_newsletter_form\"><!-- [et_pb_line_break_holder] -->\t\t\t\t\t<form action=\"http:\/\/spiel2\" method=\"get\" data-trp-original-action=\"spiel2\"><!-- [et_pb_line_break_holder] -->\t\t\t\t\t\t<div class=\"et_pb_newsletter_result et_pb_newsletter_error\"><\/div><!-- [et_pb_line_break_holder] -->\t\t\t\t\t\t<div class=\"et_pb_newsletter_result et_pb_newsletter_success\"><!-- [et_pb_line_break_holder] -->\t\t\t\t\t\t\t<h2>Erfolgsmeldung<\/h2><!-- [et_pb_line_break_holder] -->\t\t\t\t\t\t<\/div><!-- [et_pb_line_break_holder] -->\t\t\t\t\t\t<div class=\"et_pb_newsletter_fields\"><!-- [et_pb_line_break_holder] -->\t\t\t\t\t\t\t<!-- [et_pb_line_break_holder] -->          <pee class=\"et_pb_newsletter_field et_pb_contact_field_last et_pb_contact_field_last_tablet et_pb_contact_field_last_phone\"><!-- [et_pb_line_break_holder] -->\t\t\t\t\t\t<label class=\"et_pb_contact_form_label\" for=\"et_pb_signup_lastname\" style=\"display: none;\">Breitengrad<\/label><!-- [et_pb_line_break_holder] -->\t\t\t\t\t\t<input id=\"et_pb_signup_lastname\" class=\"input\" type=\"text\" placeholder=\"Breitengrad\" name=\"lat\"><!-- [et_pb_line_break_holder] -->\t\t\t\t\t<\/pee>  <!-- [et_pb_line_break_holder] -->              <!-- [et_pb_line_break_holder] -->              <!-- [et_pb_line_break_holder] -->\t\t\t\t\t<pee class=\"et_pb_newsletter_field et_pb_contact_field_last et_pb_contact_field_last_tablet et_pb_contact_field_last_phone\"><!-- [et_pb_line_break_holder] -->\t\t\t\t\t\t<label class=\"et_pb_contact_form_label\" for=\"et_pb_signup_firstname\" style=\"display: none;\">L\u00e4ngengrad<\/label><!-- [et_pb_line_break_holder] -->\t\t\t\t\t\t<input id=\"et_pb_signup_firstname\" class=\"input\" type=\"text\" placeholder=\"L\u00e4ngengrad\" name=\"lon\"><!-- [et_pb_line_break_holder] -->\t\t\t\t\t<\/pee><!-- [et_pb_line_break_holder] -->\t\t\t\t\t\t<!-- [et_pb_line_break_holder] -->\t\t\t\t\t\t\t<!-- [et_pb_line_break_holder] -->\t\t\t\t\t<pee class=\"et_pb_newsletter_field et_pb_contact_field_last et_pb_contact_field_last_tablet et_pb_contact_field_last_phone\"><!-- [et_pb_line_break_holder] --><!-- [et_pb_line_break_holder] -->\t\t\t\t\t\t\t<!-- [et_pb_line_break_holder] -->\t\t\t\t\t\t\t<!-- [et_pb_line_break_holder] -->\t\t\t\t\t<pee class=\"et_pb_button_wrap\"><!-- [et_pb_line_break_holder] -->\t\t\t\t\t\t<a class=\"et_pb_button et_bp_light\" onclick=\"this.closest('form').submit();return false;\" data-icon=\"\"><!-- [et_pb_line_break_holder] -->\t\t\t\t\t\t\t<span class=\"et_subscribe_loader\"><\/span><!-- [et_pb_line_break_holder] -->\t\t\t\t\t\t\t<span class=\"et_pb_button_text\">Ziel anzeigen<\/span><!-- [et_pb_line_break_holder] -->\t\t\t\t\t\t<\/a><!-- [et_pb_line_break_holder] -->\t\t\t\t\t<\/pee><!-- [et_pb_line_break_holder] -->\t\t\t\t\t\t\t<!-- [et_pb_line_break_holder] -->\t\t\t\t\t\t<\/div><!-- [et_pb_line_break_holder] -->\t\t\t\t\t\t<!-- [et_pb_line_break_holder] -->\t\t\t\t\t<input type=\"hidden\" name=\"trp-form-language\" value=\"en\"\/><\/form><!-- [et_pb_line_break_holder] -->\t\t\t\t<\/div><!-- [et_pb_line_break_holder] -->\t\t\t<\/div><!-- [et_pb_line_break_holder] -->\t\t\t<\/div>[\/et_pb_code][\/et_pb_column][\/et_pb_row][\/et_pb_section]","protected":false},"excerpt":{"rendered":"<p>Slow Food Waldviertel Markt der ErdeAn zwei Samstagen im Monat wird der Hauptplatz unserer Bezirkshauptstadt zu einem pulsierenden Treffpunkt f\u00fcr nachhaltige Lebensmittel-Herstellung. \u00dcber 200 Markttage\u00a0haben bereits stattgefunden und feste &#8222;Standler:innen&#8220; bieten eine Vielzahl von Produkten an, darunter Bio-Fisch, Handwerksbrot, Freilandeier, Frisches und veredeltes Wild, Bier, Lamm-Spezialit\u00e4ten, alte Gem\u00fcsesorten, gro\u00dfteils in biologischer Qualit\u00e4t. Es gibt immer [&hellip;]<\/p>","protected":false},"author":7,"featured_media":0,"parent":0,"menu_order":0,"comment_status":"closed","ping_status":"closed","template":"","meta":{"_acf_changed":false,"_et_pb_use_builder":"on","_et_pb_old_content":"","_et_gb_content_width":"","footnotes":""},"difl_page_category":[],"class_list":["post-244120","page","type-page","status-publish","hentry"],"acf":[],"_links":{"self":[{"href":"https:\/\/app.slowfoodwaldviertel.at\/en\/wp-json\/wp\/v2\/pages\/244120","targetHints":{"allow":["GET"]}}],"collection":[{"href":"https:\/\/app.slowfoodwaldviertel.at\/en\/wp-json\/wp\/v2\/pages"}],"about":[{"href":"https:\/\/app.slowfoodwaldviertel.at\/en\/wp-json\/wp\/v2\/types\/page"}],"author":[{"embeddable":true,"href":"https:\/\/app.slowfoodwaldviertel.at\/en\/wp-json\/wp\/v2\/users\/7"}],"replies":[{"embeddable":true,"href":"https:\/\/app.slowfoodwaldviertel.at\/en\/wp-json\/wp\/v2\/comments?post=244120"}],"version-history":[{"count":123,"href":"https:\/\/app.slowfoodwaldviertel.at\/en\/wp-json\/wp\/v2\/pages\/244120\/revisions"}],"predecessor-version":[{"id":247295,"href":"https:\/\/app.slowfoodwaldviertel.at\/en\/wp-json\/wp\/v2\/pages\/244120\/revisions\/247295"}],"wp:attachment":[{"href":"https:\/\/app.slowfoodwaldviertel.at\/en\/wp-json\/wp\/v2\/media?parent=244120"}],"wp:term":[{"taxonomy":"difl_page_category","embeddable":true,"href":"https:\/\/app.slowfoodwaldviertel.at\/en\/wp-json\/wp\/v2\/difl_page_category?post=244120"}],"curies":[{"name":"wp","href":"https:\/\/api.w.org\/{rel}","templated":true}]}}